{"id":929,"date":"2022-01-23T21:58:17","date_gmt":"2022-01-23T21:58:17","guid":{"rendered":"https:\/\/rewild.ntechhosting.com\/chardonnay-2021"},"modified":"2025-11-27T04:26:12","modified_gmt":"2025-11-27T04:26:12","slug":"chardonnay","status":"publish","type":"page","link":"https:\/\/www.rewildwine.com\/fr-ca\/chardonnay","title":{"rendered":"Chardonnay"},"content":{"rendered":"\n<div class=\"wp-block-cover is-light\" style=\"min-height:100vh;aspect-ratio:unset;\"><span aria-hidden=\"true\" class=\"wp-block-cover__background has-cream-background-color has-background-dim-100 has-background-dim\"><\/span><div class=\"wp-block-cover__inner-container is-layout-constrained wp-block-cover-is-layout-constrained\">\n<div class=\"wp-block-group is-style-group_centered\"><div class=\"wp-block-group__inner-container is-layout-constrained wp-block-group-is-layout-constrained\">\n<div style=\"height:100px\" aria-hidden=\"true\" class=\"wp-block-spacer\"><\/div>\n\n\n\n<div class=\"wp-block-columns is-layout-flex wp-container-core-columns-is-layout-9d6595d7 wp-block-columns-is-layout-flex\">\n<div class=\"wp-block-column is-vertically-aligned-center is-layout-flow wp-block-column-is-layout-flow\" style=\"flex-basis:300px\">\n<figure class=\"wp-block-image size-large\"><img loading=\"lazy\" decoding=\"async\" width=\"700\" height=\"1647\" src=\"\/wp-content\/uploads\/2023\/11\/REWILD_CHARDONNAY-2021-FRENCH-GREEN-700x1647.jpg\" alt=\"\" class=\"wp-image-262\" srcset=\"\/wp-content\/uploads\/2023\/11\/REWILD_CHARDONNAY-2021-FRENCH-GREEN-700x1647.jpg 700w, \/wp-content\/uploads\/2023\/11\/REWILD_CHARDONNAY-2021-FRENCH-GREEN-250x588.jpg 250w, \/wp-content\/uploads\/2023\/11\/REWILD_CHARDONNAY-2021-FRENCH-GREEN-768x1807.jpg 768w, \/wp-content\/uploads\/2023\/11\/REWILD_CHARDONNAY-2021-FRENCH-GREEN-653x1536.jpg 653w, \/wp-content\/uploads\/2023\/11\/REWILD_CHARDONNAY-2021-FRENCH-GREEN-120x282.jpg 120w, \/wp-content\/uploads\/2023\/11\/REWILD_CHARDONNAY-2021-FRENCH-GREEN.jpg 850w\" sizes=\"auto, (max-width: 700px) 100vw, 700px\" \/><\/figure>\n<\/div>\n\n\n\n<div class=\"wp-block-column is-vertically-aligned-center is-layout-flow wp-block-column-is-layout-flow\" style=\"padding-right:15px;padding-left:15px;flex-basis:400px\">\n<h2 class=\"wp-block-heading\" style=\"font-style:normal;font-weight:300\">2025<br\/>Chardonnay<\/h2>\n\n\n\n<p>Moyennement cors\u00e9 \u2014 cr\u00e9meux \u2014 frais<\/p>\n\n\n\n<div style=\"height:20px\" aria-hidden=\"true\" class=\"wp-block-spacer\"><\/div>\n\n\n\n<hr class=\"wp-block-separator has-alpha-channel-opacity\"\/>\n\n\n\n<p>Fruits \u00e0 noyau, p\u00eache blanche et ar\u00f4mes de cr\u00e8me avec des nuances de ch\u00eane sur le nez. Le palais est de taille moyenne avec des saveurs de nectarine et de p\u00eache blanche. Une finition cr\u00e9meuse persistante est entra\u00een\u00e9e par l\u2019acidit\u00e9 du pamplemousse et la subtile colonne vert\u00e9brale de ch\u00eane.<strong> V\u00e9g\u00e9talien amical.<\/strong><\/p>\n\n\n\n<div style=\"height:20px\" aria-hidden=\"true\" class=\"wp-block-spacer\"><\/div>\n\n\n\n<div class=\"wp-block-buttons is-layout-flex wp-block-buttons-is-layout-flex\">\n<div class=\"wp-block-button is-style-large_button\"><a class=\"wp-block-button__link wp-element-button\" href=\"https:\/\/rewildwine.com\/fr-ca\/revendeurs\">Trouver des revendeurs<\/a><\/div>\n<\/div>\n<\/div>\n<\/div>\n\n\n\n<div style=\"height:100px\" aria-hidden=\"true\" class=\"wp-block-spacer\"><\/div>\n<\/div><\/div>\n<\/div><\/div>\n","protected":false},"excerpt":{"rendered":"","protected":false},"author":1,"featured_media":0,"parent":0,"menu_order":0,"comment_status":"closed","ping_status":"closed","template":"template-product.php","meta":{"footnotes":""},"class_list":["post-929","page","type-page","status-publish","hentry"],"_links":{"self":[{"href":"https:\/\/www.rewildwine.com\/fr-ca\/wp-json\/wp\/v2\/pages\/929","targetHints":{"allow":["GET"]}}],"collection":[{"href":"https:\/\/www.rewildwine.com\/fr-ca\/wp-json\/wp\/v2\/pages"}],"about":[{"href":"https:\/\/www.rewildwine.com\/fr-ca\/wp-json\/wp\/v2\/types\/page"}],"author":[{"embeddable":true,"href":"https:\/\/www.rewildwine.com\/fr-ca\/wp-json\/wp\/v2\/users\/1"}],"replies":[{"embeddable":true,"href":"https:\/\/www.rewildwine.com\/fr-ca\/wp-json\/wp\/v2\/comments?post=929"}],"version-history":[{"count":5,"href":"https:\/\/www.rewildwine.com\/fr-ca\/wp-json\/wp\/v2\/pages\/929\/revisions"}],"predecessor-version":[{"id":1839,"href":"https:\/\/www.rewildwine.com\/fr-ca\/wp-json\/wp\/v2\/pages\/929\/revisions\/1839"}],"wp:attachment":[{"href":"https:\/\/www.rewildwine.com\/fr-ca\/wp-json\/wp\/v2\/media?parent=929"}],"curies":[{"name":"wp","href":"https:\/\/api.w.org\/{rel}","templated":true}]}}