{"id":937,"date":"2022-01-23T22:00:19","date_gmt":"2022-01-23T22:00:19","guid":{"rendered":"https:\/\/rewild.ntechhosting.com\/rose-2021"},"modified":"2025-11-27T05:32:45","modified_gmt":"2025-11-27T05:32:45","slug":"rose","status":"publish","type":"page","link":"https:\/\/www.rewildwine.com\/fr-ca\/rose","title":{"rendered":"Ros\u00e9"},"content":{"rendered":"\n<div class=\"wp-block-cover is-light\" style=\"min-height:100vh;aspect-ratio:unset;\"><span aria-hidden=\"true\" class=\"wp-block-cover__background has-cream-background-color has-background-dim-100 has-background-dim\"><\/span><div class=\"wp-block-cover__inner-container is-layout-constrained wp-block-cover-is-layout-constrained\">\n<div class=\"wp-block-group is-style-group_centered\"><div class=\"wp-block-group__inner-container is-layout-constrained wp-block-group-is-layout-constrained\">\n<div style=\"height:100px\" aria-hidden=\"true\" class=\"wp-block-spacer\"><\/div>\n\n\n\n<div class=\"wp-block-columns is-layout-flex wp-container-core-columns-is-layout-9d6595d7 wp-block-columns-is-layout-flex\">\n<div class=\"wp-block-column is-vertically-aligned-center is-layout-flow wp-block-column-is-layout-flow\" style=\"flex-basis:300px\">\n<figure class=\"wp-block-image size-large\"><img loading=\"lazy\" decoding=\"async\" width=\"700\" height=\"1647\" src=\"\/wp-content\/uploads\/2024\/04\/REWILD_ROSE-700x1647.jpg\" alt=\"\" class=\"wp-image-830\" srcset=\"\/wp-content\/uploads\/2024\/04\/REWILD_ROSE-700x1647.jpg 700w, \/wp-content\/uploads\/2024\/04\/REWILD_ROSE-250x588.jpg 250w, \/wp-content\/uploads\/2024\/04\/REWILD_ROSE-768x1807.jpg 768w, \/wp-content\/uploads\/2024\/04\/REWILD_ROSE-653x1536.jpg 653w, \/wp-content\/uploads\/2024\/04\/REWILD_ROSE-120x282.jpg 120w, \/wp-content\/uploads\/2024\/04\/REWILD_ROSE.jpg 850w\" sizes=\"auto, (max-width: 700px) 100vw, 700px\" \/><\/figure>\n<\/div>\n\n\n\n<div class=\"wp-block-column is-vertically-aligned-center is-layout-flow wp-block-column-is-layout-flow\" style=\"padding-right:15px;padding-left:15px;flex-basis:400px\">\n<h2 class=\"wp-block-heading\" style=\"font-style:normal;font-weight:300\">2025<br\/>Ros\u00e9<\/h2>\n\n\n\n<p>Moyennement cors\u00e9 \u2014 Sec \u2014 Frais<\/p>\n\n\n\n<div style=\"height:20px\" aria-hidden=\"true\" class=\"wp-block-spacer\"><\/div>\n\n\n\n<hr class=\"wp-block-separator has-alpha-channel-opacity\"\/>\n\n\n\n<p>Attrayant l\u00e9ger rose fraise p\u00e2le en couleur, lumineux et clair. Frais et propre avec des notes lev\u00e9es de fraises et de cr\u00e8me. Un palais bien structur\u00e9 et moyennement cors\u00e9 avec des notes de baies rouges et de musc. Un ros\u00e9 vari\u00e9talement expressif bien \u00e9quilibr\u00e9.<strong> V\u00e9g\u00e9talien amical.<\/strong><\/p>\n\n\n\n<div style=\"height:20px\" aria-hidden=\"true\" class=\"wp-block-spacer\"><\/div>\n\n\n\n<div class=\"wp-block-buttons is-layout-flex wp-block-buttons-is-layout-flex\">\n<div class=\"wp-block-button is-style-large_button\"><a class=\"wp-block-button__link wp-element-button\" href=\"https:\/\/rewildwine.com\/fr-ca\/revendeurs\">Trouver des revendeurs<\/a><\/div>\n<\/div>\n<\/div>\n<\/div>\n\n\n\n<div style=\"height:100px\" aria-hidden=\"true\" class=\"wp-block-spacer\"><\/div>\n<\/div><\/div>\n<\/div><\/div>\n","protected":false},"excerpt":{"rendered":"","protected":false},"author":1,"featured_media":0,"parent":0,"menu_order":0,"comment_status":"closed","ping_status":"closed","template":"template-product.php","meta":{"footnotes":""},"class_list":["post-937","page","type-page","status-publish","hentry"],"_links":{"self":[{"href":"https:\/\/www.rewildwine.com\/fr-ca\/wp-json\/wp\/v2\/pages\/937","targetHints":{"allow":["GET"]}}],"collection":[{"href":"https:\/\/www.rewildwine.com\/fr-ca\/wp-json\/wp\/v2\/pages"}],"about":[{"href":"https:\/\/www.rewildwine.com\/fr-ca\/wp-json\/wp\/v2\/types\/page"}],"author":[{"embeddable":true,"href":"https:\/\/www.rewildwine.com\/fr-ca\/wp-json\/wp\/v2\/users\/1"}],"replies":[{"embeddable":true,"href":"https:\/\/www.rewildwine.com\/fr-ca\/wp-json\/wp\/v2\/comments?post=937"}],"version-history":[{"count":5,"href":"https:\/\/www.rewildwine.com\/fr-ca\/wp-json\/wp\/v2\/pages\/937\/revisions"}],"predecessor-version":[{"id":1898,"href":"https:\/\/www.rewildwine.com\/fr-ca\/wp-json\/wp\/v2\/pages\/937\/revisions\/1898"}],"wp:attachment":[{"href":"https:\/\/www.rewildwine.com\/fr-ca\/wp-json\/wp\/v2\/media?parent=937"}],"curies":[{"name":"wp","href":"https:\/\/api.w.org\/{rel}","templated":true}]}}