{"id":943,"date":"2023-11-23T02:25:10","date_gmt":"2023-11-23T02:25:10","guid":{"rendered":"https:\/\/rewild.ntechhosting.com\/fiano-2022"},"modified":"2025-11-27T04:34:44","modified_gmt":"2025-11-27T04:34:44","slug":"fiano","status":"publish","type":"page","link":"https:\/\/www.rewildwine.com\/fr-ca\/fiano","title":{"rendered":"Fiano"},"content":{"rendered":"\n<div class=\"wp-block-cover is-light\" style=\"min-height:100vh;aspect-ratio:unset;\"><span aria-hidden=\"true\" class=\"wp-block-cover__background has-cream-background-color has-background-dim-100 has-background-dim\"><\/span><div class=\"wp-block-cover__inner-container is-layout-constrained wp-block-cover-is-layout-constrained\">\n<div class=\"wp-block-group is-style-group_centered\"><div class=\"wp-block-group__inner-container is-layout-constrained wp-block-group-is-layout-constrained\">\n<div style=\"height:100px\" aria-hidden=\"true\" class=\"wp-block-spacer\"><\/div>\n\n\n\n<div class=\"wp-block-columns is-layout-flex wp-container-core-columns-is-layout-9d6595d7 wp-block-columns-is-layout-flex\">\n<div class=\"wp-block-column is-vertically-aligned-center is-layout-flow wp-block-column-is-layout-flow\" style=\"flex-basis:300px\">\n<figure class=\"wp-block-image size-large\"><img loading=\"lazy\" decoding=\"async\" width=\"700\" height=\"1647\" src=\"\/wp-content\/uploads\/2023\/11\/REWILD_FIANO-2022-700x1647.jpg\" alt=\"\" class=\"wp-image-263\" srcset=\"\/wp-content\/uploads\/2023\/11\/REWILD_FIANO-2022-700x1647.jpg 700w, \/wp-content\/uploads\/2023\/11\/REWILD_FIANO-2022-250x588.jpg 250w, \/wp-content\/uploads\/2023\/11\/REWILD_FIANO-2022-768x1807.jpg 768w, \/wp-content\/uploads\/2023\/11\/REWILD_FIANO-2022-653x1536.jpg 653w, \/wp-content\/uploads\/2023\/11\/REWILD_FIANO-2022-120x282.jpg 120w, \/wp-content\/uploads\/2023\/11\/REWILD_FIANO-2022.jpg 850w\" sizes=\"auto, (max-width: 700px) 100vw, 700px\" \/><\/figure>\n<\/div>\n\n\n\n<div class=\"wp-block-column is-vertically-aligned-center is-layout-flow wp-block-column-is-layout-flow\" style=\"padding-right:15px;padding-left:15px;flex-basis:400px\">\n<h2 class=\"wp-block-heading\" style=\"font-style:normal;font-weight:300\">2025<br\/>Fiano<\/h2>\n\n\n\n<p>Moyennement cors\u00e9 \u2014 Sec \u2014 Frais<\/p>\n\n\n\n<div style=\"height:20px\" aria-hidden=\"true\" class=\"wp-block-spacer\"><\/div>\n\n\n\n<hr class=\"wp-block-separator has-alpha-channel-opacity\"\/>\n\n\n\n<p>Ar\u00f4mes de poire et d\u2019agrumes sur le nez. Le palais est de taille moyenne et rafra\u00eechissant, avec des saveurs de poire juteuses et d\u2019agrumes persistants. Une certaine cr\u00e9mosit\u00e9 est \u00e9vidente \u00e0 partir de la maturation sur les lies.  <strong>V\u00e9g\u00e9talien amical.<\/strong><\/p>\n\n\n\n<div style=\"height:20px\" aria-hidden=\"true\" class=\"wp-block-spacer\"><\/div>\n\n\n\n<div class=\"wp-block-buttons is-layout-flex wp-block-buttons-is-layout-flex\">\n<div class=\"wp-block-button is-style-large_button\"><a class=\"wp-block-button__link wp-element-button\" href=\"https:\/\/rewildwine.com\/fr-ca\/revendeurs\">Trouver des revendeurs<\/a><\/div>\n<\/div>\n<\/div>\n<\/div>\n\n\n\n<div style=\"height:100px\" aria-hidden=\"true\" class=\"wp-block-spacer\"><\/div>\n<\/div><\/div>\n<\/div><\/div>\n","protected":false},"excerpt":{"rendered":"","protected":false},"author":2,"featured_media":0,"parent":0,"menu_order":0,"comment_status":"closed","ping_status":"closed","template":"template-product.php","meta":{"footnotes":""},"class_list":["post-943","page","type-page","status-publish","hentry"],"_links":{"self":[{"href":"https:\/\/www.rewildwine.com\/fr-ca\/wp-json\/wp\/v2\/pages\/943","targetHints":{"allow":["GET"]}}],"collection":[{"href":"https:\/\/www.rewildwine.com\/fr-ca\/wp-json\/wp\/v2\/pages"}],"about":[{"href":"https:\/\/www.rewildwine.com\/fr-ca\/wp-json\/wp\/v2\/types\/page"}],"author":[{"embeddable":true,"href":"https:\/\/www.rewildwine.com\/fr-ca\/wp-json\/wp\/v2\/users\/2"}],"replies":[{"embeddable":true,"href":"https:\/\/www.rewildwine.com\/fr-ca\/wp-json\/wp\/v2\/comments?post=943"}],"version-history":[{"count":5,"href":"https:\/\/www.rewildwine.com\/fr-ca\/wp-json\/wp\/v2\/pages\/943\/revisions"}],"predecessor-version":[{"id":1847,"href":"https:\/\/www.rewildwine.com\/fr-ca\/wp-json\/wp\/v2\/pages\/943\/revisions\/1847"}],"wp:attachment":[{"href":"https:\/\/www.rewildwine.com\/fr-ca\/wp-json\/wp\/v2\/media?parent=943"}],"curies":[{"name":"wp","href":"https:\/\/api.w.org\/{rel}","templated":true}]}}