{"id":951,"date":"2022-01-03T23:43:11","date_gmt":"2022-01-03T23:43:11","guid":{"rendered":"https:\/\/rewildwine.com\/fr-ca"},"modified":"2024-09-23T01:41:53","modified_gmt":"2024-09-23T01:41:53","slug":"accueil","status":"publish","type":"page","link":"https:\/\/www.rewildwine.com\/fr-ca","title":{"rendered":"Accueil"},"content":{"rendered":"\n<div class=\"wp-block-cover is-light home_cover\" style=\"min-height:100vh;aspect-ratio:unset;\"><span aria-hidden=\"true\" class=\"wp-block-cover__background has-background-dim-0 has-background-dim\"><\/span><img loading=\"lazy\" decoding=\"async\" width=\"2560\" height=\"1707\" class=\"wp-block-cover__image-background wp-image-169\" alt=\"\" src=\"\/wp-content\/uploads\/2022\/01\/REWILD_VINEYARD-scaled.jpg\" data-object-fit=\"cover\" srcset=\"\/wp-content\/uploads\/2022\/01\/REWILD_VINEYARD-scaled.jpg 2560w, \/wp-content\/uploads\/2022\/01\/REWILD_VINEYARD-300x200.jpg 300w, \/wp-content\/uploads\/2022\/01\/REWILD_VINEYARD-1024x683.jpg 1024w, \/wp-content\/uploads\/2022\/01\/REWILD_VINEYARD-768x512.jpg 768w, \/wp-content\/uploads\/2022\/01\/REWILD_VINEYARD-1536x1024.jpg 1536w, \/wp-content\/uploads\/2022\/01\/REWILD_VINEYARD-2048x1365.jpg 2048w\" sizes=\"auto, (max-width: 2560px) 100vw, 2560px\" \/><div class=\"wp-block-cover__inner-container is-layout-constrained wp-block-cover-is-layout-constrained\">\n<h1 class=\"wp-block-heading has-text-align-center has-cream-color has-text-color has-link-color wp-elements-fedf1fb1370eb6f1cbbf5dfc86618518\">LE BON VIN N\u2019A PAS \u00c0 CO\u00dbTER LA TERRE<\/h1>\n<\/div><\/div>\n\n\n\n<div class=\"wp-block-columns is-style-columns_nogap has-greyblue-background-color has-background is-layout-flex wp-container-core-columns-is-layout-9d6595d7 wp-block-columns-is-layout-flex\">\n<div class=\"wp-block-column is-vertically-aligned-center is-style-column_side is-layout-flow wp-block-column-is-layout-flow\">\n<h2 class=\"wp-block-heading has-text-align-center\" style=\"font-style:normal;font-weight:300\">Rewild<\/h2>\n\n\n\n<p class=\"has-text-align-center has-medium-font-size\">Rewild, c\u2019est agir. Pour se r\u00e9g\u00e9n\u00e9rer. Et de donner plus \u00e0 la terre que ce que nous prenons. En \u00e9tant de nature positive gr\u00e2ce \u00e0 la r\u00e9g\u00e9n\u00e9ration de la terre, nous cr\u00e9ons quelque chose de bon \u00e0 plus d\u2019un \u00e9gard. Celui-ci est pour vous, pour les g\u00e9n\u00e9rations futures et pour la nature.  <\/p>\n<\/div>\n\n\n\n<div class=\"wp-block-column is-layout-flow wp-block-column-is-layout-flow\" style=\"flex-basis:50%\">\n<div class=\"wp-block-cover is-light\"><span aria-hidden=\"true\" class=\"wp-block-cover__background has-background-dim-0 has-background-dim\"><\/span><img loading=\"lazy\" decoding=\"async\" width=\"1224\" height=\"1224\" class=\"wp-block-cover__image-background wp-image-170\" alt=\"\" src=\"\/wp-content\/uploads\/2022\/01\/REWILD_REWILD.jpg\" data-object-fit=\"cover\" srcset=\"\/wp-content\/uploads\/2022\/01\/REWILD_REWILD.jpg 1224w, \/wp-content\/uploads\/2022\/01\/REWILD_REWILD-300x300.jpg 300w, \/wp-content\/uploads\/2022\/01\/REWILD_REWILD-1024x1024.jpg 1024w, \/wp-content\/uploads\/2022\/01\/REWILD_REWILD-150x150.jpg 150w, \/wp-content\/uploads\/2022\/01\/REWILD_REWILD-768x768.jpg 768w\" sizes=\"auto, (max-width: 1224px) 100vw, 1224px\" \/><div class=\"wp-block-cover__inner-container is-layout-constrained wp-block-cover-is-layout-constrained\">\n<p class=\"has-text-align-center has-large-font-size\"><\/p>\n<\/div><\/div>\n<\/div>\n<\/div>\n\n\n\n<div class=\"wp-block-columns is-style-columns_nogap mobile_reverse has-greyblue-background-color has-background is-layout-flex wp-container-core-columns-is-layout-9d6595d7 wp-block-columns-is-layout-flex\">\n<div class=\"wp-block-column is-layout-flow wp-block-column-is-layout-flow\" style=\"flex-basis:50%\">\n<div class=\"wp-block-cover is-light\"><span aria-hidden=\"true\" class=\"wp-block-cover__background has-background-dim-0 has-background-dim\"><\/span><img loading=\"lazy\" decoding=\"async\" width=\"1224\" height=\"1224\" class=\"wp-block-cover__image-background wp-image-171\" alt=\"\" src=\"\/wp-content\/uploads\/2022\/01\/REWILD_WINE-1.jpg\" data-object-fit=\"cover\" srcset=\"\/wp-content\/uploads\/2022\/01\/REWILD_WINE-1.jpg 1224w, \/wp-content\/uploads\/2022\/01\/REWILD_WINE-1-300x300.jpg 300w, \/wp-content\/uploads\/2022\/01\/REWILD_WINE-1-1024x1024.jpg 1024w, \/wp-content\/uploads\/2022\/01\/REWILD_WINE-1-150x150.jpg 150w, \/wp-content\/uploads\/2022\/01\/REWILD_WINE-1-768x768.jpg 768w\" sizes=\"auto, (max-width: 1224px) 100vw, 1224px\" \/><div class=\"wp-block-cover__inner-container is-layout-constrained wp-block-cover-is-layout-constrained\">\n<p class=\"has-text-align-center has-large-font-size\"><\/p>\n<\/div><\/div>\n<\/div>\n\n\n\n<div class=\"wp-block-column is-vertically-aligned-center is-style-column_side is-layout-flow wp-block-column-is-layout-flow\">\n<h2 class=\"wp-block-heading has-text-align-center\" style=\"font-style:normal;font-weight:300\">V\u00e9g\u00e9talien Amical<\/h2>\n\n\n\n<p class=\"has-text-align-center has-medium-font-size\">Chaque gorg\u00e9e d\u2019un vin Rewild est \u00e9thique. Nous sommes v\u00e9g\u00e9taliens, ce qui signifie pas de produits d\u2019origine animale. Jamais.<\/p>\n<\/div>\n<\/div>\n\n\n\n<div class=\"wp-block-group\"><div class=\"wp-block-group__inner-container is-layout-constrained wp-block-group-is-layout-constrained\">\n<div class=\"wp-block-group is-style-group_centered\"><div class=\"wp-block-group__inner-container is-layout-constrained wp-block-group-is-layout-constrained\">\n<div style=\"height:6.67rem\" aria-hidden=\"true\" class=\"wp-block-spacer home_large_spacer\"><\/div>\n\n\n\n<h2 class=\"wp-block-heading has-text-align-center has-black-color has-text-color has-link-color wp-elements-fc6f8e6504880a5ea9b226a292aa25fd\" style=\"font-style:normal;font-weight:300\">Nos Vins<\/h2>\n\n\n\n<div class=\"wp-block-columns is-layout-flex wp-container-core-columns-is-layout-9d6595d7 wp-block-columns-is-layout-flex\">\n<div class=\"wp-block-column is-layout-flow wp-block-column-is-layout-flow\"><\/div>\n\n\n\n<div class=\"wp-block-column is-style-column_seven is-layout-flow wp-block-column-is-layout-flow\">\n<p class=\"has-text-align-center has-black-color has-text-color has-link-color has-medium-font-size wp-elements-5ca1026d327a11138cb9642edbbb5fc6\">Fabriqu\u00e9s de mani\u00e8re durable avec une intervention minimale, les c\u00e9pages Rewild sont un hommage \u00e0 notre maison dans le sud de Murray Darling et aux raisins qui y poussent. Fra\u00eeche, vibrante et facile \u00e0 boire, chaque bouteille fait du bien &#8211; et a encore meilleur go\u00fbt.<\/p>\n<\/div>\n\n\n\n<div class=\"wp-block-column is-layout-flow wp-block-column-is-layout-flow\"><\/div>\n<\/div>\n\n\n\n<div style=\"height:50px\" aria-hidden=\"true\" class=\"wp-block-spacer\"><\/div>\n\n\n\n<div class=\"wp-block-columns home_products is-layout-flex wp-container-core-columns-is-layout-9d6595d7 wp-block-columns-is-layout-flex\">\n<div class=\"wp-block-column is-layout-flow wp-block-column-is-layout-flow\" style=\"flex-basis:25%\"><\/div>\n\n\n\n<div class=\"wp-block-column is-layout-flow wp-block-column-is-layout-flow\" style=\"flex-basis:25%\"><div class=\"wp-block-image\">\n<figure class=\"aligncenter size-large\"><img loading=\"lazy\" decoding=\"async\" width=\"435\" height=\"1024\" src=\"\/wp-content\/uploads\/2022\/01\/REWILD_PINOT-GRIGIO-2021-435x1024.jpg\" alt=\"\" class=\"wp-image-544\" srcset=\"\/wp-content\/uploads\/2022\/01\/REWILD_PINOT-GRIGIO-2021-435x1024.jpg 435w, \/wp-content\/uploads\/2022\/01\/REWILD_PINOT-GRIGIO-2021-128x300.jpg 128w, \/wp-content\/uploads\/2022\/01\/REWILD_PINOT-GRIGIO-2021-768x1807.jpg 768w, \/wp-content\/uploads\/2022\/01\/REWILD_PINOT-GRIGIO-2021-653x1536.jpg 653w, \/wp-content\/uploads\/2022\/01\/REWILD_PINOT-GRIGIO-2021.jpg 850w\" sizes=\"auto, (max-width: 435px) 100vw, 435px\" \/><\/figure>\n<\/div>\n\n\n<p class=\"has-text-align-center has-grey-color has-text-color has-link-color has-medium-font-size wp-elements-ff5d0d5e1220e040e608042e180bab28\"><a href=\"\/fr-ca\/pinot-grigio\"><a href=\"https:\/\/rewildwine.com\/fr-ca\/pinot-grigio\">Pinot Grigio<\/a><\/a><\/p>\n<\/div>\n\n\n\n<div class=\"wp-block-column is-layout-flow wp-block-column-is-layout-flow\" style=\"flex-basis:25%\"><div class=\"wp-block-image\">\n<figure class=\"aligncenter size-large\"><img loading=\"lazy\" decoding=\"async\" width=\"435\" height=\"1024\" src=\"\/wp-content\/uploads\/2022\/01\/REWILD_CABERNET-SAUVIGNON-2021-435x1024.jpg\" alt=\"\" class=\"wp-image-520\" srcset=\"\/wp-content\/uploads\/2022\/01\/REWILD_CABERNET-SAUVIGNON-2021-435x1024.jpg 435w, \/wp-content\/uploads\/2022\/01\/REWILD_CABERNET-SAUVIGNON-2021-128x300.jpg 128w, \/wp-content\/uploads\/2022\/01\/REWILD_CABERNET-SAUVIGNON-2021-768x1807.jpg 768w, \/wp-content\/uploads\/2022\/01\/REWILD_CABERNET-SAUVIGNON-2021-653x1536.jpg 653w, \/wp-content\/uploads\/2022\/01\/REWILD_CABERNET-SAUVIGNON-2021.jpg 850w\" sizes=\"auto, (max-width: 435px) 100vw, 435px\" \/><\/figure>\n<\/div>\n\n\n<p class=\"has-text-align-center has-grey-color has-text-color has-link-color has-medium-font-size wp-elements-f299476832742259837717ceb5a6e753\"><a href=\"\/fr-ca\/cabernet-sauvignon\"><a href=\"https:\/\/rewildwine.com\/fr-ca\/cabernet-sauvignon\">Cabernet Sauvignon<\/a><\/a><\/p>\n<\/div>\n\n\n\n<div class=\"wp-block-column is-layout-flow wp-block-column-is-layout-flow\" style=\"flex-basis:25%\"><\/div>\n<\/div>\n\n\n\n<div class=\"wp-block-columns home_products hide is-layout-flex wp-container-core-columns-is-layout-9d6595d7 wp-block-columns-is-layout-flex\">\n<div class=\"wp-block-column is-layout-flow wp-block-column-is-layout-flow\" style=\"flex-basis:25%\"><div class=\"wp-block-image\">\n<figure class=\"aligncenter size-large\"><img loading=\"lazy\" decoding=\"async\" width=\"435\" height=\"1024\" src=\"\/wp-content\/uploads\/2022\/01\/REWILD_SAUVIGON-BLANC-2021-435x1024.jpg\" alt=\"\" class=\"wp-image-185\" srcset=\"\/wp-content\/uploads\/2022\/01\/REWILD_SAUVIGON-BLANC-2021-435x1024.jpg 435w, \/wp-content\/uploads\/2022\/01\/REWILD_SAUVIGON-BLANC-2021-128x300.jpg 128w, \/wp-content\/uploads\/2022\/01\/REWILD_SAUVIGON-BLANC-2021-768x1807.jpg 768w, \/wp-content\/uploads\/2022\/01\/REWILD_SAUVIGON-BLANC-2021-653x1536.jpg 653w, \/wp-content\/uploads\/2022\/01\/REWILD_SAUVIGON-BLANC-2021.jpg 850w\" sizes=\"auto, (max-width: 435px) 100vw, 435px\" \/><\/figure>\n<\/div>\n\n\n<p class=\"has-text-align-center has-grey-color has-text-color has-link-color has-medium-font-size wp-elements-563cbce4f8b5856ff674428402f8f4b1\"><a href=\"\/fr-ca\/sauvignon-blanc\">Sauvigon Blanc<\/a><\/p>\n<\/div>\n\n\n\n<div class=\"wp-block-column is-layout-flow wp-block-column-is-layout-flow\" style=\"flex-basis:25%\"><div class=\"wp-block-image\">\n<figure class=\"aligncenter size-large\"><img loading=\"lazy\" decoding=\"async\" width=\"700\" height=\"1647\" src=\"\/wp-content\/uploads\/2024\/04\/REWILD_ROSE-700x1647.jpg\" alt=\"\" class=\"wp-image-830\" srcset=\"\/wp-content\/uploads\/2024\/04\/REWILD_ROSE-700x1647.jpg 700w, \/wp-content\/uploads\/2024\/04\/REWILD_ROSE-250x588.jpg 250w, \/wp-content\/uploads\/2024\/04\/REWILD_ROSE-768x1807.jpg 768w, \/wp-content\/uploads\/2024\/04\/REWILD_ROSE-653x1536.jpg 653w, \/wp-content\/uploads\/2024\/04\/REWILD_ROSE-120x282.jpg 120w, \/wp-content\/uploads\/2024\/04\/REWILD_ROSE.jpg 850w\" sizes=\"auto, (max-width: 700px) 100vw, 700px\" \/><\/figure>\n<\/div>\n\n\n<p class=\"has-text-align-center has-grey-color has-text-color has-link-color has-medium-font-size wp-elements-b37d1e4db2540703a9a9b440b774f720\"><a href=\"\/fr-ca\/rose\">Ros\u00e9<\/a><\/p>\n<\/div>\n\n\n\n<div class=\"wp-block-column is-layout-flow wp-block-column-is-layout-flow\" style=\"flex-basis:25%\"><div class=\"wp-block-image\">\n<figure class=\"aligncenter size-large\"><img loading=\"lazy\" decoding=\"async\" width=\"435\" height=\"1024\" src=\"\/wp-content\/uploads\/2022\/01\/REWILD_SHIRAZ-2021-435x1024.jpg\" alt=\"\" class=\"wp-image-181\" srcset=\"\/wp-content\/uploads\/2022\/01\/REWILD_SHIRAZ-2021-435x1024.jpg 435w, \/wp-content\/uploads\/2022\/01\/REWILD_SHIRAZ-2021-128x300.jpg 128w, \/wp-content\/uploads\/2022\/01\/REWILD_SHIRAZ-2021-768x1807.jpg 768w, \/wp-content\/uploads\/2022\/01\/REWILD_SHIRAZ-2021-653x1536.jpg 653w, \/wp-content\/uploads\/2022\/01\/REWILD_SHIRAZ-2021.jpg 850w\" sizes=\"auto, (max-width: 435px) 100vw, 435px\" \/><\/figure>\n<\/div>\n\n\n<p class=\"has-text-align-center has-grey-color has-text-color has-link-color has-medium-font-size wp-elements-0974119cca53c072ba0fac45a147f4f2\"><a href=\"\/fr-ca\/syrah\">Syrah<\/a><\/p>\n<\/div>\n\n\n\n<div class=\"wp-block-column is-layout-flow wp-block-column-is-layout-flow\" style=\"flex-basis:25%\"><div class=\"wp-block-image\">\n<figure class=\"aligncenter size-large\"><img loading=\"lazy\" decoding=\"async\" width=\"700\" height=\"1647\" src=\"\/wp-content\/uploads\/2023\/11\/REWILD_PROSECCO-2022-700x1647.jpg\" alt=\"\" class=\"wp-image-241\" srcset=\"\/wp-content\/uploads\/2023\/11\/REWILD_PROSECCO-2022-700x1647.jpg 700w, \/wp-content\/uploads\/2023\/11\/REWILD_PROSECCO-2022-250x588.jpg 250w, \/wp-content\/uploads\/2023\/11\/REWILD_PROSECCO-2022-768x1807.jpg 768w, \/wp-content\/uploads\/2023\/11\/REWILD_PROSECCO-2022-653x1536.jpg 653w, \/wp-content\/uploads\/2023\/11\/REWILD_PROSECCO-2022-120x282.jpg 120w, \/wp-content\/uploads\/2023\/11\/REWILD_PROSECCO-2022.jpg 850w\" sizes=\"auto, (max-width: 700px) 100vw, 700px\" \/><\/figure>\n<\/div>\n\n\n<p class=\"has-text-align-center has-grey-color has-text-color has-link-color has-medium-font-size wp-elements-158a49b779d776cbb1793734ae2d3d2e\"><a href=\"\/fr-ca\/prosecco\">Prosecco<\/a><\/p>\n<\/div>\n<\/div>\n\n\n\n<div style=\"height:6.67rem\" aria-hidden=\"true\" class=\"wp-block-spacer home_large_spacer\"><\/div>\n<\/div><\/div>\n<\/div><\/div>\n\n\n\n<div class=\"wp-block-cover home_sustainable\" style=\"min-height:540px;aspect-ratio:unset;\"><span aria-hidden=\"true\" class=\"wp-block-cover__background has-background-dim-0 has-background-dim\"><\/span><img loading=\"lazy\" decoding=\"async\" width=\"2560\" height=\"1705\" class=\"wp-block-cover__image-background wp-image-168\" alt=\"\" src=\"\/wp-content\/uploads\/2022\/01\/REWILD_GROWING-scaled.jpg\" data-object-fit=\"cover\" srcset=\"\/wp-content\/uploads\/2022\/01\/REWILD_GROWING-scaled.jpg 2560w, \/wp-content\/uploads\/2022\/01\/REWILD_GROWING-300x200.jpg 300w, \/wp-content\/uploads\/2022\/01\/REWILD_GROWING-1024x682.jpg 1024w, \/wp-content\/uploads\/2022\/01\/REWILD_GROWING-768x511.jpg 768w, \/wp-content\/uploads\/2022\/01\/REWILD_GROWING-1536x1023.jpg 1536w, \/wp-content\/uploads\/2022\/01\/REWILD_GROWING-2048x1364.jpg 2048w\" sizes=\"auto, (max-width: 2560px) 100vw, 2560px\" \/><div class=\"wp-block-cover__inner-container is-layout-constrained wp-block-cover-is-layout-constrained\">\n<div class=\"wp-block-group is-style-group_centered\"><div class=\"wp-block-group__inner-container is-layout-constrained wp-block-group-is-layout-constrained\">\n<h2 class=\"wp-block-heading has-text-align-center has-cream-color has-text-color has-link-color wp-elements-8c62d77729da1e69385def7fdc3ddf0e\" style=\"font-style:normal;font-weight:300\">\u00c9tape Au-dessus de la Durabilit\u00e9<\/h2>\n\n\n\n<div class=\"wp-block-columns is-layout-flex wp-container-core-columns-is-layout-9d6595d7 wp-block-columns-is-layout-flex\">\n<div class=\"wp-block-column is-layout-flow wp-block-column-is-layout-flow\" style=\"flex-basis:20%\"><\/div>\n\n\n\n<div class=\"wp-block-column is-layout-flow wp-block-column-is-layout-flow\" style=\"flex-basis:60%\">\n<p class=\"has-text-align-center has-cream-color has-text-color has-link-color has-medium-font-size wp-elements-dd9e602b32f2853cdced05d62a803742\">C\u2019est une chose de dire que nous ne ferons pas de mal. C\u2019en est une autre de dire que nous irons au-del\u00e0 pour renouveler et r\u00e9parer. Nous ne sommes pas seulement durables. Nous sommes des r\u00e9g\u00e9n\u00e9rateurs.<\/p>\n<\/div>\n\n\n\n<div class=\"wp-block-column is-layout-flow wp-block-column-is-layout-flow\" style=\"flex-basis:20%\"><\/div>\n<\/div>\n\n\n\n<div style=\"height:15px\" aria-hidden=\"true\" class=\"wp-block-spacer\"><\/div>\n\n\n\n<div class=\"wp-block-buttons is-content-justification-center is-layout-flex wp-container-core-buttons-is-layout-16018d1d wp-block-buttons-is-layout-flex\">\n<div class=\"wp-block-button is-style-outline_button\"><a class=\"wp-block-button__link has-cream-color has-cream-background-color has-text-color has-background has-link-color wp-element-button\" href=\"\/fr-ca\/durabilite\">En savoir plus<\/a><\/div>\n<\/div>\n<\/div><\/div>\n<\/div><\/div>\n","protected":false},"excerpt":{"rendered":"Rewild Rewild, c\u2019est agir. Pour se r\u00e9g\u00e9n\u00e9rer. Et de donner plus \u00e0 la terre que ce que nous prenons. En \u00e9tant de nature positive gr\u00e2ce \u00e0 la r\u00e9g\u00e9n\u00e9ration de la terre, nous cr\u00e9ons quelque chose de bon \u00e0 plus d\u2019un \u00e9gard. Celui-ci est pour vous, pour les g\u00e9n\u00e9rations futures et pour la nature. V\u00e9g\u00e9talien Amical&#8230; <a class=\"view-article\" href=\"https:\/\/www.rewildwine.com\/fr-ca\">Read More<\/a>","protected":false},"author":1,"featured_media":0,"parent":0,"menu_order":0,"comment_status":"closed","ping_status":"closed","template":"template-home.php","meta":{"footnotes":""},"class_list":["post-951","page","type-page","status-publish","hentry"],"_links":{"self":[{"href":"https:\/\/www.rewildwine.com\/fr-ca\/wp-json\/wp\/v2\/pages\/951","targetHints":{"allow":["GET"]}}],"collection":[{"href":"https:\/\/www.rewildwine.com\/fr-ca\/wp-json\/wp\/v2\/pages"}],"about":[{"href":"https:\/\/www.rewildwine.com\/fr-ca\/wp-json\/wp\/v2\/types\/page"}],"author":[{"embeddable":true,"href":"https:\/\/www.rewildwine.com\/fr-ca\/wp-json\/wp\/v2\/users\/1"}],"replies":[{"embeddable":true,"href":"https:\/\/www.rewildwine.com\/fr-ca\/wp-json\/wp\/v2\/comments?post=951"}],"version-history":[{"count":6,"href":"https:\/\/www.rewildwine.com\/fr-ca\/wp-json\/wp\/v2\/pages\/951\/revisions"}],"predecessor-version":[{"id":1732,"href":"https:\/\/www.rewildwine.com\/fr-ca\/wp-json\/wp\/v2\/pages\/951\/revisions\/1732"}],"wp:attachment":[{"href":"https:\/\/www.rewildwine.com\/fr-ca\/wp-json\/wp\/v2\/media?parent=951"}],"curies":[{"name":"wp","href":"https:\/\/api.w.org\/{rel}","templated":true}]}}