{"id":954,"date":"2022-01-05T01:09:15","date_gmt":"2022-01-05T01:09:15","guid":{"rendered":"https:\/\/rewild.ntechhosting.com\/nos-vins"},"modified":"2025-11-27T06:45:40","modified_gmt":"2025-11-27T06:45:40","slug":"nos-vins","status":"publish","type":"page","link":"https:\/\/www.rewildwine.com\/fr-ca\/nos-vins","title":{"rendered":"Nos vins"},"content":{"rendered":"\n<div class=\"wp-block-cover is-light home_cover\" style=\"min-height:100vh;aspect-ratio:unset;\"><img loading=\"lazy\" decoding=\"async\" width=\"2560\" height=\"1605\" class=\"wp-block-cover__image-background wp-image-177\" alt=\"\" src=\"\/wp-content\/uploads\/2022\/01\/REWILD_OUR_WINES-scaled.jpg\" data-object-fit=\"cover\" srcset=\"\/wp-content\/uploads\/2022\/01\/REWILD_OUR_WINES-scaled.jpg 2560w, \/wp-content\/uploads\/2022\/01\/REWILD_OUR_WINES-300x188.jpg 300w, \/wp-content\/uploads\/2022\/01\/REWILD_OUR_WINES-1024x642.jpg 1024w, \/wp-content\/uploads\/2022\/01\/REWILD_OUR_WINES-768x482.jpg 768w, \/wp-content\/uploads\/2022\/01\/REWILD_OUR_WINES-1536x963.jpg 1536w, \/wp-content\/uploads\/2022\/01\/REWILD_OUR_WINES-2048x1284.jpg 2048w\" sizes=\"auto, (max-width: 2560px) 100vw, 2560px\" \/><span aria-hidden=\"true\" class=\"wp-block-cover__background has-background-dim-0 has-background-dim\"><\/span><div class=\"wp-block-cover__inner-container is-layout-constrained wp-block-cover-is-layout-constrained\">\n<h1 class=\"wp-block-heading has-text-align-center has-cream-color has-text-color has-link-color wp-elements-37b6e467cd167d18dbbf91c0806fe8f5\" style=\"text-transform:uppercase\">Vins r\u00e9fl\u00e9chis<\/h1>\n<\/div><\/div>\n\n<div class=\"wp-block-group\"><div class=\"wp-block-group__inner-container is-layout-constrained wp-block-group-is-layout-constrained\">\n<div class=\"wp-block-group is-style-group_centered\"><div class=\"wp-block-group__inner-container is-layout-constrained wp-block-group-is-layout-constrained\">\n<div style=\"height:6rem\" aria-hidden=\"true\" class=\"wp-block-spacer spacer_large\"><\/div>\n\n\n\n<h2 class=\"wp-block-heading has-text-align-center has-black-color has-text-color has-link-color wp-elements-0d36dfb803e7236463d3063f3e489ce2\" style=\"font-style:normal;font-weight:300\">Nos vins<\/h2>\n\n\n\n<div class=\"wp-block-columns is-layout-flex wp-container-core-columns-is-layout-9d6595d7 wp-block-columns-is-layout-flex\">\n<div class=\"wp-block-column is-layout-flow wp-block-column-is-layout-flow\" style=\"flex-basis:20%\"><\/div>\n\n\n\n<div class=\"wp-block-column is-layout-flow wp-block-column-is-layout-flow\" style=\"flex-basis:60%\">\n<p class=\"has-text-align-center has-black-color has-text-color has-link-color has-medium-font-size wp-elements-57625a8ba8c9af6f4e1d8ba28e9c6afc\">Fabriqu\u00e9s de mani\u00e8re durable avec une intervention minimale, les c\u00e9pages Rewild sont un hommage \u00e0 notre maison dans le sud de Murray Darling et aux raisins qui y poussent. Fra\u00eeche, vibrante et facile \u00e0 boire, chaque bouteille fait du bien &#8211; et a encore meilleur go\u00fbt. Nous <strong>sommes v\u00e9g\u00e9taliens<\/strong>, ce qui signifie pas de produits d\u2019origine animale. Jamais.<\/p>\n<\/div>\n\n\n\n<div class=\"wp-block-column is-layout-flow wp-block-column-is-layout-flow\" style=\"flex-basis:20%\"><\/div>\n<\/div>\n\n\n\n<div style=\"height:2.33rem\" aria-hidden=\"true\" class=\"wp-block-spacer\"><\/div>\n\n\n\n<div class=\"wp-block-columns home_products is-layout-flex wp-container-core-columns-is-layout-9d6595d7 wp-block-columns-is-layout-flex\">\n<div class=\"wp-block-column is-layout-flow wp-block-column-is-layout-flow\" style=\"flex-basis:25%\"><div class=\"wp-block-image\">\n<figure class=\"aligncenter size-large\"><img loading=\"lazy\" decoding=\"async\" width=\"700\" height=\"1647\" src=\"\/wp-content\/uploads\/2023\/11\/REWILD_PROSECCO-2022-700x1647.jpg\" alt=\"\" class=\"wp-image-241\" srcset=\"\/wp-content\/uploads\/2023\/11\/REWILD_PROSECCO-2022-700x1647.jpg 700w, \/wp-content\/uploads\/2023\/11\/REWILD_PROSECCO-2022-250x588.jpg 250w, \/wp-content\/uploads\/2023\/11\/REWILD_PROSECCO-2022-768x1807.jpg 768w, \/wp-content\/uploads\/2023\/11\/REWILD_PROSECCO-2022-653x1536.jpg 653w, \/wp-content\/uploads\/2023\/11\/REWILD_PROSECCO-2022-120x282.jpg 120w, \/wp-content\/uploads\/2023\/11\/REWILD_PROSECCO-2022.jpg 850w\" sizes=\"auto, (max-width: 700px) 100vw, 700px\" \/><\/figure>\n<\/div>\n\n\n<p class=\"has-text-align-center has-grey-color has-text-color has-link-color has-medium-font-size wp-elements-f173187533bee7939016faaee99344c8\"><a href=\"https:\/\/rewildwine.com\/fr-ca\/prosecco\">Prosecco 2025<\/a><\/p>\n<\/div>\n\n\n\n<div class=\"wp-block-column is-layout-flow wp-block-column-is-layout-flow\" style=\"flex-basis:25%\"><div class=\"wp-block-image\">\n<figure class=\"aligncenter size-large\"><img loading=\"lazy\" decoding=\"async\" width=\"700\" height=\"1647\" src=\"\/wp-content\/uploads\/2023\/11\/REWILD_CHARDONNAY-2021-FRENCH-GREEN-700x1647.jpg\" alt=\"\" class=\"wp-image-262\" srcset=\"\/wp-content\/uploads\/2023\/11\/REWILD_CHARDONNAY-2021-FRENCH-GREEN-700x1647.jpg 700w, \/wp-content\/uploads\/2023\/11\/REWILD_CHARDONNAY-2021-FRENCH-GREEN-250x588.jpg 250w, \/wp-content\/uploads\/2023\/11\/REWILD_CHARDONNAY-2021-FRENCH-GREEN-768x1807.jpg 768w, \/wp-content\/uploads\/2023\/11\/REWILD_CHARDONNAY-2021-FRENCH-GREEN-653x1536.jpg 653w, \/wp-content\/uploads\/2023\/11\/REWILD_CHARDONNAY-2021-FRENCH-GREEN-120x282.jpg 120w, \/wp-content\/uploads\/2023\/11\/REWILD_CHARDONNAY-2021-FRENCH-GREEN.jpg 850w\" sizes=\"auto, (max-width: 700px) 100vw, 700px\" \/><\/figure>\n<\/div>\n\n\n<p class=\"has-text-align-center has-grey-color has-text-color has-link-color has-medium-font-size wp-elements-1ac61d9d94cdf00e182cdc31609856ea\"><a href=\"https:\/\/rewildwine.com\/fr-ca\/chardonnay\">Chardonnay 2025<\/a><\/p>\n<\/div>\n\n\n\n<div class=\"wp-block-column is-layout-flow wp-block-column-is-layout-flow\" style=\"flex-basis:25%\"><div class=\"wp-block-image\">\n<figure class=\"aligncenter size-large\"><img loading=\"lazy\" decoding=\"async\" width=\"700\" height=\"1647\" src=\"\/wp-content\/uploads\/2023\/11\/REWILD_FIANO-2022-700x1647.jpg\" alt=\"\" class=\"wp-image-263\" srcset=\"\/wp-content\/uploads\/2023\/11\/REWILD_FIANO-2022-700x1647.jpg 700w, \/wp-content\/uploads\/2023\/11\/REWILD_FIANO-2022-250x588.jpg 250w, \/wp-content\/uploads\/2023\/11\/REWILD_FIANO-2022-768x1807.jpg 768w, \/wp-content\/uploads\/2023\/11\/REWILD_FIANO-2022-653x1536.jpg 653w, \/wp-content\/uploads\/2023\/11\/REWILD_FIANO-2022-120x282.jpg 120w, \/wp-content\/uploads\/2023\/11\/REWILD_FIANO-2022.jpg 850w\" sizes=\"auto, (max-width: 700px) 100vw, 700px\" \/><\/figure>\n<\/div>\n\n\n<p class=\"has-text-align-center has-grey-color has-text-color has-link-color has-medium-font-size wp-elements-512157b292c0925c6c6b0bcf7056626c\"><a href=\"https:\/\/rewildwine.com\/fr-ca\/fiano\">Fiano 2025<\/a><\/p>\n<\/div>\n\n\n\n<div class=\"wp-block-column is-layout-flow wp-block-column-is-layout-flow\" style=\"flex-basis:25%\"><div class=\"wp-block-image\">\n<figure class=\"aligncenter size-large\"><img loading=\"lazy\" decoding=\"async\" width=\"435\" height=\"1024\" src=\"\/wp-content\/uploads\/2022\/01\/REWILD_MOSCATO-2021-435x1024.jpg\" alt=\"\" class=\"wp-image-183\" srcset=\"\/wp-content\/uploads\/2022\/01\/REWILD_MOSCATO-2021-435x1024.jpg 435w, \/wp-content\/uploads\/2022\/01\/REWILD_MOSCATO-2021-128x300.jpg 128w, \/wp-content\/uploads\/2022\/01\/REWILD_MOSCATO-2021-768x1807.jpg 768w, \/wp-content\/uploads\/2022\/01\/REWILD_MOSCATO-2021-653x1536.jpg 653w, \/wp-content\/uploads\/2022\/01\/REWILD_MOSCATO-2021.jpg 850w\" sizes=\"auto, (max-width: 435px) 100vw, 435px\" \/><\/figure>\n<\/div>\n\n\n<p class=\"has-text-align-center has-grey-color has-text-color has-link-color has-medium-font-size wp-elements-155e88a1e9d69263d5b784be0bc8d0bb\"><a href=\"https:\/\/rewildwine.com\/fr-ca\/moscato\">Moscato 2025<\/a><\/p>\n<\/div>\n<\/div>\n\n\n\n<div style=\"height:2.33rem\" aria-hidden=\"true\" class=\"wp-block-spacer\"><\/div>\n\n\n\n<div class=\"wp-block-columns home_products is-layout-flex wp-container-core-columns-is-layout-9d6595d7 wp-block-columns-is-layout-flex\">\n<div class=\"wp-block-column is-layout-flow wp-block-column-is-layout-flow\" style=\"flex-basis:25%\"><div class=\"wp-block-image\">\n<figure class=\"aligncenter size-large\"><img loading=\"lazy\" decoding=\"async\" width=\"435\" height=\"1024\" src=\"\/wp-content\/uploads\/2022\/01\/REWILD_PINOT-GRIGIO-2021-435x1024.jpg\" alt=\"\" class=\"wp-image-184\" srcset=\"\/wp-content\/uploads\/2022\/01\/REWILD_PINOT-GRIGIO-2021-435x1024.jpg 435w, \/wp-content\/uploads\/2022\/01\/REWILD_PINOT-GRIGIO-2021-128x300.jpg 128w, \/wp-content\/uploads\/2022\/01\/REWILD_PINOT-GRIGIO-2021-768x1807.jpg 768w, \/wp-content\/uploads\/2022\/01\/REWILD_PINOT-GRIGIO-2021-653x1536.jpg 653w, \/wp-content\/uploads\/2022\/01\/REWILD_PINOT-GRIGIO-2021.jpg 850w\" sizes=\"auto, (max-width: 435px) 100vw, 435px\" \/><\/figure>\n<\/div>\n\n\n<p class=\"has-text-align-center has-grey-color has-text-color has-link-color has-medium-font-size wp-elements-b2b7cbaab1afb2bdb81064fe76c92441\"><a href=\"https:\/\/rewildwine.com\/fr-ca\/pinot-grigio\">Pinot Grigio 2025<\/a><\/p>\n<\/div>\n\n\n\n<div class=\"wp-block-column is-layout-flow wp-block-column-is-layout-flow\" style=\"flex-basis:25%\"><div class=\"wp-block-image\">\n<figure class=\"aligncenter size-large\"><img loading=\"lazy\" decoding=\"async\" width=\"435\" height=\"1024\" src=\"\/wp-content\/uploads\/2022\/01\/REWILD_SAUVIGON-BLANC-2021-435x1024.jpg\" alt=\"\" class=\"wp-image-185\" srcset=\"\/wp-content\/uploads\/2022\/01\/REWILD_SAUVIGON-BLANC-2021-435x1024.jpg 435w, \/wp-content\/uploads\/2022\/01\/REWILD_SAUVIGON-BLANC-2021-128x300.jpg 128w, \/wp-content\/uploads\/2022\/01\/REWILD_SAUVIGON-BLANC-2021-768x1807.jpg 768w, \/wp-content\/uploads\/2022\/01\/REWILD_SAUVIGON-BLANC-2021-653x1536.jpg 653w, \/wp-content\/uploads\/2022\/01\/REWILD_SAUVIGON-BLANC-2021.jpg 850w\" sizes=\"auto, (max-width: 435px) 100vw, 435px\" \/><\/figure>\n<\/div>\n\n\n<p class=\"has-text-align-center has-grey-color has-text-color has-link-color has-medium-font-size wp-elements-26ba686de793b23561c24d91a9c48984\"><a href=\"https:\/\/rewildwine.com\/fr-ca\/sauvignon-blanc\">Sauvigon Blanc 2025<\/a><\/p>\n<\/div>\n\n\n\n<div class=\"wp-block-column is-layout-flow wp-block-column-is-layout-flow\" style=\"flex-basis:25%\"><div class=\"wp-block-image\">\n<figure class=\"aligncenter size-large\"><img loading=\"lazy\" decoding=\"async\" width=\"700\" height=\"1647\" src=\"\/wp-content\/uploads\/2024\/04\/REWILD_ROSE-700x1647.jpg\" alt=\"\" class=\"wp-image-830\" srcset=\"\/wp-content\/uploads\/2024\/04\/REWILD_ROSE-700x1647.jpg 700w, \/wp-content\/uploads\/2024\/04\/REWILD_ROSE-250x588.jpg 250w, \/wp-content\/uploads\/2024\/04\/REWILD_ROSE-768x1807.jpg 768w, \/wp-content\/uploads\/2024\/04\/REWILD_ROSE-653x1536.jpg 653w, \/wp-content\/uploads\/2024\/04\/REWILD_ROSE-120x282.jpg 120w, \/wp-content\/uploads\/2024\/04\/REWILD_ROSE.jpg 850w\" sizes=\"auto, (max-width: 700px) 100vw, 700px\" \/><\/figure>\n<\/div>\n\n\n<p class=\"has-text-align-center has-grey-color has-text-color has-link-color has-medium-font-size wp-elements-f5b3ec68a9f08141e0ddb89f8b0df1d7\"><a href=\"https:\/\/rewildwine.com\/fr-ca\/rose\">Ros\u00e9 2025<\/a><\/p>\n<\/div>\n\n\n\n<div class=\"wp-block-column is-layout-flow wp-block-column-is-layout-flow\" style=\"flex-basis:25%\"><div class=\"wp-block-image\">\n<figure class=\"aligncenter size-large\"><img loading=\"lazy\" decoding=\"async\" width=\"435\" height=\"1024\" src=\"\/wp-content\/uploads\/2022\/01\/REWILD_CABERNET-SAUVIGNON-2021-435x1024.jpg\" alt=\"\" class=\"wp-image-180\" srcset=\"\/wp-content\/uploads\/2022\/01\/REWILD_CABERNET-SAUVIGNON-2021-435x1024.jpg 435w, \/wp-content\/uploads\/2022\/01\/REWILD_CABERNET-SAUVIGNON-2021-128x300.jpg 128w, \/wp-content\/uploads\/2022\/01\/REWILD_CABERNET-SAUVIGNON-2021-768x1807.jpg 768w, \/wp-content\/uploads\/2022\/01\/REWILD_CABERNET-SAUVIGNON-2021-653x1536.jpg 653w, \/wp-content\/uploads\/2022\/01\/REWILD_CABERNET-SAUVIGNON-2021.jpg 850w\" sizes=\"auto, (max-width: 435px) 100vw, 435px\" \/><\/figure>\n<\/div>\n\n\n<p class=\"has-text-align-center has-grey-color has-text-color has-link-color has-medium-font-size wp-elements-204d4b905bac6930756cb412d4d0d4f6\"><a href=\"https:\/\/rewildwine.com\/fr-ca\/cabernet-sauvignon\">Cabernet Sauvignon 2025<\/a><\/p>\n<\/div>\n<\/div>\n\n\n\n<div style=\"height:2.33rem\" aria-hidden=\"true\" class=\"wp-block-spacer\"><\/div>\n\n\n\n<div class=\"wp-block-columns home_products is-layout-flex wp-container-core-columns-is-layout-9d6595d7 wp-block-columns-is-layout-flex\">\n<div class=\"wp-block-column merlot_column is-layout-flow wp-block-column-is-layout-flow\" style=\"flex-basis:25%\"><div class=\"wp-block-image\">\n<figure class=\"aligncenter size-large\"><img loading=\"lazy\" decoding=\"async\" width=\"435\" height=\"1024\" src=\"\/wp-content\/uploads\/2022\/01\/REWILD_MERLOT-2021-435x1024.jpg\" alt=\"\" class=\"wp-image-179\" srcset=\"\/wp-content\/uploads\/2022\/01\/REWILD_MERLOT-2021-435x1024.jpg 435w, \/wp-content\/uploads\/2022\/01\/REWILD_MERLOT-2021-128x300.jpg 128w, \/wp-content\/uploads\/2022\/01\/REWILD_MERLOT-2021-768x1807.jpg 768w, \/wp-content\/uploads\/2022\/01\/REWILD_MERLOT-2021-653x1536.jpg 653w, \/wp-content\/uploads\/2022\/01\/REWILD_MERLOT-2021.jpg 850w\" sizes=\"auto, (max-width: 435px) 100vw, 435px\" \/><\/figure>\n<\/div>\n\n\n<p class=\"has-text-align-center has-grey-color has-text-color has-link-color has-medium-font-size wp-elements-2e40efd7dbc4c4b7b5ea3b9cd55fdee8\"><a href=\"https:\/\/rewildwine.com\/fr-ca\/sauvignon-blanc\"><\/a><a href=\"https:\/\/rewildwine.com\/fr-ca\/merlot\">Merlot 2025<\/a><\/p>\n<\/div>\n\n\n\n<div class=\"wp-block-column is-layout-flow wp-block-column-is-layout-flow\" style=\"flex-basis:25%\"><div class=\"wp-block-image\">\n<figure class=\"aligncenter size-large\"><img loading=\"lazy\" decoding=\"async\" width=\"435\" height=\"1024\" src=\"\/wp-content\/uploads\/2022\/01\/REWILD_SHIRAZ-2021-435x1024.jpg\" alt=\"\" class=\"wp-image-181\" srcset=\"\/wp-content\/uploads\/2022\/01\/REWILD_SHIRAZ-2021-435x1024.jpg 435w, \/wp-content\/uploads\/2022\/01\/REWILD_SHIRAZ-2021-128x300.jpg 128w, \/wp-content\/uploads\/2022\/01\/REWILD_SHIRAZ-2021-768x1807.jpg 768w, \/wp-content\/uploads\/2022\/01\/REWILD_SHIRAZ-2021-653x1536.jpg 653w, \/wp-content\/uploads\/2022\/01\/REWILD_SHIRAZ-2021.jpg 850w\" sizes=\"auto, (max-width: 435px) 100vw, 435px\" \/><\/figure>\n<\/div>\n\n\n<p class=\"has-text-align-center has-grey-color has-text-color has-link-color has-medium-font-size wp-elements-7f1bf2e8044aec04229736f6ecdc91fe\"><a href=\"https:\/\/rewildwine.com\/fr-ca\/syrah\">Shiraz 2025<\/a><\/p>\n<\/div>\n\n\n\n<div class=\"wp-block-column is-layout-flow wp-block-column-is-layout-flow\" style=\"flex-basis:25%\">\n<p class=\"has-text-align-center has-grey-color has-text-color has-link-color has-medium-font-size wp-elements-1f72d1dba72a2eb45c18886b243c6ba8\"><\/p>\n<\/div>\n\n\n\n<div class=\"wp-block-column is-layout-flow wp-block-column-is-layout-flow\" style=\"flex-basis:25%\">\n<p class=\"has-text-align-center has-grey-color has-text-color has-link-color has-medium-font-size wp-elements-1f72d1dba72a2eb45c18886b243c6ba8\"><\/p>\n<\/div>\n<\/div>\n\n\n\n<div style=\"height:4rem\" aria-hidden=\"true\" class=\"wp-block-spacer spacer_med\"><\/div>\n<\/div><\/div>\n<\/div><\/div>\n","protected":false},"excerpt":{"rendered":"Nos vins Fabriqu\u00e9s de mani\u00e8re durable avec une intervention minimale, les c\u00e9pages Rewild sont un hommage \u00e0 notre maison dans le sud de Murray Darling et aux raisins qui y poussent. Fra\u00eeche, vibrante et facile \u00e0 boire, chaque bouteille fait du bien &#8211; et a encore meilleur go\u00fbt. Nous sommes v\u00e9g\u00e9taliens, ce qui signifie pas&#8230; <a class=\"view-article\" href=\"https:\/\/www.rewildwine.com\/fr-ca\/nos-vins\">Read More<\/a>","protected":false},"author":1,"featured_media":0,"parent":0,"menu_order":0,"comment_status":"closed","ping_status":"closed","template":"template-ourwines.php","meta":{"footnotes":""},"class_list":["post-954","page","type-page","status-publish","hentry"],"_links":{"self":[{"href":"https:\/\/www.rewildwine.com\/fr-ca\/wp-json\/wp\/v2\/pages\/954","targetHints":{"allow":["GET"]}}],"collection":[{"href":"https:\/\/www.rewildwine.com\/fr-ca\/wp-json\/wp\/v2\/pages"}],"about":[{"href":"https:\/\/www.rewildwine.com\/fr-ca\/wp-json\/wp\/v2\/types\/page"}],"author":[{"embeddable":true,"href":"https:\/\/www.rewildwine.com\/fr-ca\/wp-json\/wp\/v2\/users\/1"}],"replies":[{"embeddable":true,"href":"https:\/\/www.rewildwine.com\/fr-ca\/wp-json\/wp\/v2\/comments?post=954"}],"version-history":[{"count":9,"href":"https:\/\/www.rewildwine.com\/fr-ca\/wp-json\/wp\/v2\/pages\/954\/revisions"}],"predecessor-version":[{"id":1993,"href":"https:\/\/www.rewildwine.com\/fr-ca\/wp-json\/wp\/v2\/pages\/954\/revisions\/1993"}],"wp:attachment":[{"href":"https:\/\/www.rewildwine.com\/fr-ca\/wp-json\/wp\/v2\/media?parent=954"}],"curies":[{"name":"wp","href":"https:\/\/api.w.org\/{rel}","templated":true}]}}