{"id":964,"date":"2023-11-23T04:34:52","date_gmt":"2023-11-23T04:34:52","guid":{"rendered":"https:\/\/rewild.ntechhosting.com\/revendeurs"},"modified":"2024-06-28T04:15:42","modified_gmt":"2024-06-28T04:15:42","slug":"revendeurs","status":"publish","type":"page","link":"https:\/\/www.rewildwine.com\/fr-ca\/revendeurs","title":{"rendered":"Revendeurs"},"content":{"rendered":"\n<div class=\"wp-block-cover home_cover\" style=\"min-height:100vh;aspect-ratio:unset;\"><span aria-hidden=\"true\" class=\"wp-block-cover__background has-background-dim-0 has-background-dim\"><\/span><img loading=\"lazy\" decoding=\"async\" width=\"1280\" height=\"1159\" class=\"wp-block-cover__image-background wp-image-664\" alt=\"\" src=\"\/wp-content\/uploads\/2023\/12\/stockists.jpg\" data-object-fit=\"cover\" srcset=\"\/wp-content\/uploads\/2023\/12\/stockists.jpg 1280w, \/wp-content\/uploads\/2023\/12\/stockists-250x226.jpg 250w, \/wp-content\/uploads\/2023\/12\/stockists-700x634.jpg 700w, \/wp-content\/uploads\/2023\/12\/stockists-768x695.jpg 768w, \/wp-content\/uploads\/2023\/12\/stockists-120x109.jpg 120w\" sizes=\"auto, (max-width: 1280px) 100vw, 1280px\" \/><div class=\"wp-block-cover__inner-container is-layout-constrained wp-block-cover-is-layout-constrained\">\n<h1 class=\"wp-block-heading has-text-align-center has-cream-color has-text-color has-link-color wp-elements-3caed10bc0eae369dcbc4b4c750fcdfa\">O\u00d9 NOUS TROUVER<\/h1>\n<\/div><\/div>\n\n<div class=\"wp-block-group\"><div class=\"wp-block-group__inner-container is-layout-constrained wp-block-group-is-layout-constrained\">\n<div class=\"wp-block-group is-style-group_centered\"><div class=\"wp-block-group__inner-container is-layout-constrained wp-block-group-is-layout-constrained\">\n<div style=\"height:6.67rem\" aria-hidden=\"true\" class=\"wp-block-spacer home_large_spacer\"><\/div>\n\n\n\n<h2 class=\"wp-block-heading has-text-align-center has-black-color has-text-color has-link-color wp-elements-eef9da232297d2a19b5b4cdef852c461\" style=\"font-style:normal;font-weight:300\">Revendeurs<\/h2>\n\n\n\n<div class=\"wp-block-columns is-layout-flex wp-container-core-columns-is-layout-9d6595d7 wp-block-columns-is-layout-flex\">\n<div class=\"wp-block-column is-layout-flow wp-block-column-is-layout-flow\"><\/div>\n\n\n\n<div class=\"wp-block-column is-style-column_seven is-layout-flow wp-block-column-is-layout-flow\">\n<p class=\"has-text-align-center has-black-color has-text-color has-link-color has-medium-font-size wp-elements-2e023341dc16ed481a3a4a7b1a02e80e\">Rewild viendra bient\u00f4t dans un magasin pr\u00e8s de chez vous.<\/p>\n\n\n\n<p class=\"has-text-align-center has-black-color has-text-color has-link-color has-medium-font-size wp-elements-47550736ebc3728d772a6da81342e256\">Si vous ne trouvez pas Rewild dans votre magasin de bouteilles, envoyez-nous une ligne \u00e0 <a href=\"mailto:hello@rewildwine.com.au\">hello@rewildwine.com<\/a> et nous travaillerons \u00e0 l\u2019obtenir sur leurs \u00e9tag\u00e8res.<\/p>\n<\/div>\n\n\n\n<div class=\"wp-block-column is-layout-flow wp-block-column-is-layout-flow\"><\/div>\n<\/div>\n\n\n\n<div style=\"height:6.67rem\" aria-hidden=\"true\" class=\"wp-block-spacer home_large_spacer\"><\/div>\n<\/div><\/div>\n<\/div><\/div>\n","protected":false},"excerpt":{"rendered":"Revendeurs Rewild viendra bient\u00f4t dans un magasin pr\u00e8s de chez vous. Si vous ne trouvez pas Rewild dans votre magasin de bouteilles, envoyez-nous une ligne \u00e0 hello@rewildwine.com et nous travaillerons \u00e0 l\u2019obtenir sur leurs \u00e9tag\u00e8res.","protected":false},"author":2,"featured_media":0,"parent":0,"menu_order":0,"comment_status":"closed","ping_status":"closed","template":"template-stockists.php","meta":{"footnotes":""},"class_list":["post-964","page","type-page","status-publish","hentry"],"_links":{"self":[{"href":"https:\/\/www.rewildwine.com\/fr-ca\/wp-json\/wp\/v2\/pages\/964","targetHints":{"allow":["GET"]}}],"collection":[{"href":"https:\/\/www.rewildwine.com\/fr-ca\/wp-json\/wp\/v2\/pages"}],"about":[{"href":"https:\/\/www.rewildwine.com\/fr-ca\/wp-json\/wp\/v2\/types\/page"}],"author":[{"embeddable":true,"href":"https:\/\/www.rewildwine.com\/fr-ca\/wp-json\/wp\/v2\/users\/2"}],"replies":[{"embeddable":true,"href":"https:\/\/www.rewildwine.com\/fr-ca\/wp-json\/wp\/v2\/comments?post=964"}],"version-history":[{"count":2,"href":"https:\/\/www.rewildwine.com\/fr-ca\/wp-json\/wp\/v2\/pages\/964\/revisions"}],"predecessor-version":[{"id":1685,"href":"https:\/\/www.rewildwine.com\/fr-ca\/wp-json\/wp\/v2\/pages\/964\/revisions\/1685"}],"wp:attachment":[{"href":"https:\/\/www.rewildwine.com\/fr-ca\/wp-json\/wp\/v2\/media?parent=964"}],"curies":[{"name":"wp","href":"https:\/\/api.w.org\/{rel}","templated":true}]}}