{"id":966,"date":"2022-01-04T04:30:34","date_gmt":"2022-01-04T04:30:34","guid":{"rendered":"https:\/\/rewild.ntechhosting.com\/durabilite"},"modified":"2024-09-26T01:15:04","modified_gmt":"2024-09-26T01:15:04","slug":"durabilite","status":"publish","type":"page","link":"https:\/\/www.rewildwine.com\/fr-ca\/durabilite","title":{"rendered":"Durabilit\u00e9"},"content":{"rendered":"\n<div class=\"wp-block-group has-greygreen-background-color has-background\"><div class=\"wp-block-group__inner-container is-layout-constrained wp-block-group-is-layout-constrained\">\n<div class=\"wp-block-cover home_cover\" style=\"min-height:100vh;aspect-ratio:unset;\"><span aria-hidden=\"true\" class=\"wp-block-cover__background has-background-dim-0 has-background-dim\"><\/span><img loading=\"lazy\" decoding=\"async\" width=\"2560\" height=\"1707\" class=\"wp-block-cover__image-background wp-image-172\" alt=\"\" src=\"\/wp-content\/uploads\/2022\/01\/REWILD_SUSTAINABILITY-scaled.jpg\" data-object-fit=\"cover\" srcset=\"\/wp-content\/uploads\/2022\/01\/REWILD_SUSTAINABILITY-scaled.jpg 2560w, \/wp-content\/uploads\/2022\/01\/REWILD_SUSTAINABILITY-300x200.jpg 300w, \/wp-content\/uploads\/2022\/01\/REWILD_SUSTAINABILITY-1024x683.jpg 1024w, \/wp-content\/uploads\/2022\/01\/REWILD_SUSTAINABILITY-768x512.jpg 768w, \/wp-content\/uploads\/2022\/01\/REWILD_SUSTAINABILITY-1536x1024.jpg 1536w, \/wp-content\/uploads\/2022\/01\/REWILD_SUSTAINABILITY-2048x1365.jpg 2048w\" sizes=\"auto, (max-width: 2560px) 100vw, 2560px\" \/><div class=\"wp-block-cover__inner-container is-layout-constrained wp-block-cover-is-layout-constrained\">\n<h1 class=\"wp-block-heading has-text-align-center has-cream-color has-text-color has-link-color wp-elements-67edbb25ed42dc24b7e6c28848bf4844\">NOTRE HISTOIRE DE DURABILIT\u00c9<\/h1>\n<\/div><\/div>\n<\/div><\/div>\n\n\n\n<div class=\"wp-block-columns is-style-columns_nogap has-greygreen-background-color has-background is-layout-flex wp-container-core-columns-is-layout-9d6595d7 wp-block-columns-is-layout-flex\">\n<div class=\"wp-block-column is-vertically-aligned-center is-style-column_side is-layout-flow wp-block-column-is-layout-flow\">\n<h2 class=\"wp-block-heading has-text-align-center\" style=\"font-style:normal;font-weight:300\">Ambition Sauvage<\/h2>\n\n\n\n<p class=\"has-text-align-center has-medium-font-size\">Nous avons entendu l\u2019appel \u00e0 la protection et \u00e0 la r\u00e9enconcertation de la nature. En tant que plus grand membre certifi\u00e9 de <a href=\"https:\/\/sustainablewinegrowing.com.au\/\" target=\"_blank\" rel=\"noreferrer noopener\">Sustainable Winegrowing Australia<\/a>, nous menons des recherches sur les meilleures pratiques en mati\u00e8re de r\u00e9clamation, de recyclage et de mesure du carbone dans les vignobles. Et ce n\u2019est que le d\u00e9but.<\/p>\n<\/div>\n\n\n\n<div class=\"wp-block-column is-layout-flow wp-block-column-is-layout-flow\" style=\"flex-basis:50%\">\n<div class=\"wp-block-cover\"><span aria-hidden=\"true\" class=\"wp-block-cover__background has-background-dim-0 has-background-dim\"><\/span><img loading=\"lazy\" decoding=\"async\" width=\"1224\" height=\"1224\" class=\"wp-block-cover__image-background wp-image-173\" alt=\"\" src=\"\/wp-content\/uploads\/2022\/01\/REWILD_ARIAL.jpg\" data-object-fit=\"cover\" srcset=\"\/wp-content\/uploads\/2022\/01\/REWILD_ARIAL.jpg 1224w, \/wp-content\/uploads\/2022\/01\/REWILD_ARIAL-300x300.jpg 300w, \/wp-content\/uploads\/2022\/01\/REWILD_ARIAL-1024x1024.jpg 1024w, \/wp-content\/uploads\/2022\/01\/REWILD_ARIAL-150x150.jpg 150w, \/wp-content\/uploads\/2022\/01\/REWILD_ARIAL-768x768.jpg 768w\" sizes=\"auto, (max-width: 1224px) 100vw, 1224px\" \/><div class=\"wp-block-cover__inner-container is-layout-constrained wp-block-cover-is-layout-constrained\">\n<p class=\"has-text-align-center has-large-font-size\"><\/p>\n<\/div><\/div>\n<\/div>\n<\/div>\n\n\n\n<div class=\"wp-block-columns is-style-columns_nogap mobile_reverse has-greygreen-background-color has-background is-layout-flex wp-container-core-columns-is-layout-9d6595d7 wp-block-columns-is-layout-flex\">\n<div class=\"wp-block-column is-layout-flow wp-block-column-is-layout-flow\" style=\"flex-basis:50%\">\n<div class=\"wp-block-cover\"><span aria-hidden=\"true\" class=\"wp-block-cover__background has-background-dim-0 has-background-dim\"><\/span><img loading=\"lazy\" decoding=\"async\" width=\"1224\" height=\"1224\" class=\"wp-block-cover__image-background wp-image-174\" alt=\"\" src=\"\/wp-content\/uploads\/2022\/01\/REWILD_SOIL.jpg\" data-object-fit=\"cover\" srcset=\"\/wp-content\/uploads\/2022\/01\/REWILD_SOIL.jpg 1224w, \/wp-content\/uploads\/2022\/01\/REWILD_SOIL-300x300.jpg 300w, \/wp-content\/uploads\/2022\/01\/REWILD_SOIL-1024x1024.jpg 1024w, \/wp-content\/uploads\/2022\/01\/REWILD_SOIL-150x150.jpg 150w, \/wp-content\/uploads\/2022\/01\/REWILD_SOIL-768x768.jpg 768w\" sizes=\"auto, (max-width: 1224px) 100vw, 1224px\" \/><div class=\"wp-block-cover__inner-container is-layout-constrained wp-block-cover-is-layout-constrained\">\n<p class=\"has-text-align-center has-large-font-size\"><\/p>\n<\/div><\/div>\n<\/div>\n\n\n\n<div class=\"wp-block-column is-vertically-aligned-center is-style-column_side is-layout-flow wp-block-column-is-layout-flow\">\n<h2 class=\"wp-block-heading has-text-align-center\" style=\"font-style:normal;font-weight:300\">Agriculture R\u00e9g\u00e9n\u00e9ratrice<\/h2>\n\n\n\n<p class=\"has-text-align-center has-medium-font-size\">Notre intention d\u2019adopter des approches plus naturelles de la croissance est en action. En am\u00e9liorant la sant\u00e9 des sols, nous augmentons la biodiversit\u00e9. Nous commen\u00e7ons par ajouter des microbes au sol du vignoble pour augmenter l\u2019efficacit\u00e9 nutritionnelle. Lorsque les raisins sont press\u00e9s, toutes les peaux et les tiges des graines sont transform\u00e9es en compost (plus de 8 000 tonnes par an) et retourn\u00e9es au sol &#8211; nourrissant nos vignes. Nous recyclons tout ce que nous pouvons &#8211; de la majorit\u00e9 des palelots de vignobles \u00e0 jusqu\u2019\u00e0 150 millions de litres d\u2019eau chaque ann\u00e9e &#8211; en continuant \u00e0 travailler vers 100% renouvelable.<\/p>\n<\/div>\n<\/div>\n\n\n\n<div class=\"wp-block-cover biodiversity\" style=\"min-height:540px;aspect-ratio:unset;\"><span aria-hidden=\"true\" class=\"wp-block-cover__background has-background-dim-0 has-background-dim\"><\/span><img loading=\"lazy\" decoding=\"async\" width=\"2560\" height=\"1707\" class=\"wp-block-cover__image-background wp-image-219\" alt=\"\" src=\"\/wp-content\/uploads\/2022\/02\/REWILD_BIO_REGENT-1-scaled.jpg\" data-object-fit=\"cover\" srcset=\"\/wp-content\/uploads\/2022\/02\/REWILD_BIO_REGENT-1-scaled.jpg 2560w, \/wp-content\/uploads\/2022\/02\/REWILD_BIO_REGENT-1-300x200.jpg 300w, \/wp-content\/uploads\/2022\/02\/REWILD_BIO_REGENT-1-1024x683.jpg 1024w, \/wp-content\/uploads\/2022\/02\/REWILD_BIO_REGENT-1-768x512.jpg 768w, \/wp-content\/uploads\/2022\/02\/REWILD_BIO_REGENT-1-1536x1024.jpg 1536w, \/wp-content\/uploads\/2022\/02\/REWILD_BIO_REGENT-1-2048x1365.jpg 2048w\" sizes=\"auto, (max-width: 2560px) 100vw, 2560px\" \/><div class=\"wp-block-cover__inner-container is-layout-constrained wp-block-cover-is-layout-constrained\">\n<div class=\"wp-block-group is-style-group_centered\"><div class=\"wp-block-group__inner-container is-layout-constrained wp-block-group-is-layout-constrained\">\n<h2 class=\"wp-block-heading has-text-align-center has-cream-color has-text-color has-link-color wp-elements-c41953eae710c6065db5c59154899f66\" style=\"font-style:normal;font-weight:300\">Donner Vie \u00e0 la Biodiversit\u00e9<\/h2>\n\n\n\n<div class=\"wp-block-columns is-layout-flex wp-container-core-columns-is-layout-9d6595d7 wp-block-columns-is-layout-flex\">\n<div class=\"wp-block-column is-layout-flow wp-block-column-is-layout-flow\"><\/div>\n\n\n\n<div class=\"wp-block-column is-style-column_seven is-layout-flow wp-block-column-is-layout-flow\">\n<p class=\"has-text-align-center has-cream-color has-text-color has-link-color has-medium-font-size wp-elements-892d0c3cb4efbd5b5e7d37ded3f022a7\">Cela commence par une abondance de flore indig\u00e8ne. Nous avons plant\u00e9 plus de 20 arbres et arbustes diff\u00e9rents sur 70 hectares \u00e0 ce jour. Nous entretenons \u00e9galement collectivement plus de 2 000 hectares de v\u00e9g\u00e9tation indig\u00e8ne. Entrez dans un ch\u0153ur d\u2019abeilles indig\u00e8nes et d\u2019autres insectes b\u00e9n\u00e9fiques &#8211; aidant \u00e0 pr\u00e9server, \u00e0 d\u00e9velopper et \u00e0 augmenter encore plus la biodiversit\u00e9 dans cette r\u00e9gion. Notre ami, le perroquet r\u00e9gent en voie de disparition, appelle \u00e9galement notre habitat officiellement reconnu \u00e0 la maison &#8211; dans le cadre de l\u2019initiative Sauver nos esp\u00e8ces du gouvernement de la Nouvelle-Galles du Sud.<\/p>\n<\/div>\n\n\n\n<div class=\"wp-block-column is-layout-flow wp-block-column-is-layout-flow\"><\/div>\n<\/div>\n<\/div><\/div>\n<\/div><\/div>\n\n\n\n<div class=\"wp-block-columns is-style-columns_nogap has-greygreen-background-color has-background is-layout-flex wp-container-core-columns-is-layout-9d6595d7 wp-block-columns-is-layout-flex\">\n<div class=\"wp-block-column is-vertically-aligned-center is-style-column_side is-layout-flow wp-block-column-is-layout-flow\">\n<h2 class=\"wp-block-heading has-text-align-center\" style=\"font-style:normal;font-weight:300\">\u00c9nergie Responsable<\/h2>\n\n\n\n<p class=\"has-text-align-center has-medium-font-size\">Nous travaillons \u00e0 100% renouvelable. C\u2019est notre objectif. Et nous sommes en route. R\u00e9ductions des \u00e9missions de carbone. Des panneaux solaires qui ont \u00e9vit\u00e9 plus de 750 tonnes d\u2019\u00e9missions de C02. Un partenariat avec <a href=\"https:\/\/lavo.com.au\/\" target=\"_blank\" rel=\"noreferrer noopener\">LAVO<\/a> sur un d\u00e9ploiement pilote de la technologie de stockage d\u2019\u00e9nergie verte qui implique une batterie \u00e0 hydrog\u00e8ne hybride et des panneaux solaires. Chaque pas que nous franchissons nous rapproche de notre objectif, et il y a plus \u00e0 venir.<\/p>\n<\/div>\n\n\n\n<div class=\"wp-block-column is-layout-flow wp-block-column-is-layout-flow\" style=\"flex-basis:50%\">\n<div class=\"wp-block-cover is-light\"><span aria-hidden=\"true\" class=\"wp-block-cover__background has-background-dim-0 has-background-dim\"><\/span><img loading=\"lazy\" decoding=\"async\" width=\"1224\" height=\"1224\" class=\"wp-block-cover__image-background wp-image-175\" alt=\"\" src=\"\/wp-content\/uploads\/2022\/01\/REWILD_SOLAR-1.jpg\" data-object-fit=\"cover\" srcset=\"\/wp-content\/uploads\/2022\/01\/REWILD_SOLAR-1.jpg 1224w, \/wp-content\/uploads\/2022\/01\/REWILD_SOLAR-1-300x300.jpg 300w, \/wp-content\/uploads\/2022\/01\/REWILD_SOLAR-1-1024x1024.jpg 1024w, \/wp-content\/uploads\/2022\/01\/REWILD_SOLAR-1-150x150.jpg 150w, \/wp-content\/uploads\/2022\/01\/REWILD_SOLAR-1-768x768.jpg 768w\" sizes=\"auto, (max-width: 1224px) 100vw, 1224px\" \/><div class=\"wp-block-cover__inner-container is-layout-constrained wp-block-cover-is-layout-constrained\">\n<p class=\"has-text-align-center has-large-font-size\"><\/p>\n<\/div><\/div>\n<\/div>\n<\/div>\n\n\n\n<div class=\"wp-block-columns is-style-columns_nogap mobile_reverse has-greygreen-background-color has-background is-layout-flex wp-container-core-columns-is-layout-9d6595d7 wp-block-columns-is-layout-flex\">\n<div class=\"wp-block-column is-layout-flow wp-block-column-is-layout-flow\" style=\"flex-basis:50%\">\n<div class=\"wp-block-cover\"><span aria-hidden=\"true\" class=\"wp-block-cover__background has-background-dim-0 has-background-dim\"><\/span><img loading=\"lazy\" decoding=\"async\" width=\"1224\" height=\"1224\" class=\"wp-block-cover__image-background wp-image-176\" alt=\"\" src=\"\/wp-content\/uploads\/2022\/01\/REWILD_TREES-1.jpg\" data-object-fit=\"cover\" srcset=\"\/wp-content\/uploads\/2022\/01\/REWILD_TREES-1.jpg 1224w, \/wp-content\/uploads\/2022\/01\/REWILD_TREES-1-300x300.jpg 300w, \/wp-content\/uploads\/2022\/01\/REWILD_TREES-1-1024x1024.jpg 1024w, \/wp-content\/uploads\/2022\/01\/REWILD_TREES-1-150x150.jpg 150w, \/wp-content\/uploads\/2022\/01\/REWILD_TREES-1-768x768.jpg 768w\" sizes=\"auto, (max-width: 1224px) 100vw, 1224px\" \/><div class=\"wp-block-cover__inner-container is-layout-constrained wp-block-cover-is-layout-constrained\">\n<p class=\"has-text-align-center has-large-font-size\"><\/p>\n<\/div><\/div>\n<\/div>\n\n\n\n<div class=\"wp-block-column is-vertically-aligned-center is-style-column_side is-layout-flow wp-block-column-is-layout-flow\">\n<h2 class=\"wp-block-heading has-text-align-center\" style=\"font-style:normal;font-weight:300\">Notre Emballage<\/h2>\n\n\n\n<p class=\"has-text-align-center has-medium-font-size\">Nous explorons toujours de nouvelles options d\u2019emballage durable. La priorit\u00e9 ? Mat\u00e9riaux recycl\u00e9s qui peuvent \u00eatre recycl\u00e9s \u00e0 la fin de sa vie utile. Aujourd&#8217;hui, nous utilisons du carton recycl\u00e9 certifi\u00e9 <a href=\"https:\/\/forests.org\/\" target=\"_blank\" rel=\"noreferrer noopener\">SFI<\/a>, des \u00e9tiquettes compos\u00e9es \u00e0 100 % de d\u00e9chets post-consommation et des bouteilles encore plus l\u00e9g\u00e8res.<\/p>\n<\/div>\n<\/div>\n\n\n\n<div class=\"wp-block-columns is-style-columns_nogap has-greygreen-background-color has-background is-layout-flex wp-container-core-columns-is-layout-9d6595d7 wp-block-columns-is-layout-flex\">\n<div class=\"wp-block-column is-vertically-aligned-center is-style-column_side is-layout-flow wp-block-column-is-layout-flow\">\n<h2 class=\"wp-block-heading has-text-align-center\" style=\"font-style:normal;font-weight:300\">En Partenariat<\/h2>\n\n\n\n<p class=\"has-text-align-center has-medium-font-size\">Alors que nous poursuivons notre voyage vers l\u2019am\u00e9lioration, nous avons explor\u00e9 nos pratiques globales de durabilit\u00e9 des entreprises. Nous sommes maintenant tr\u00e8s heureux d\u2019annoncer que notre marque m\u00e8re, Duxton Vineyards, est maintenant un partenaire bronze de Sustainability Advantage, un programme du Bureau de l\u2019\u00e9nergie et du changement climatique du gouvernement de la Nouvelle-Galles du Sud.  <\/p>\n\n\n\n<p class=\"has-text-align-center has-medium-font-size\">Dans l\u2019ensemble, nous sommes d\u00e9termin\u00e9s \u00e0 renforcer davantage notre performance environnementale gr\u00e2ce \u00e0 la collaboration avec le Bureau, et ce n\u2019est que la premi\u00e8re de plusieurs prochaines \u00e9tapes. Nous sommes tr\u00e8s fiers que nos efforts soient reconnus par le Bureau de l\u2019\u00e9nergie et du changement climatique du gouvernement de la Nouvelle-Galles du Sud.  <a href=\"https:\/\/www.environment.nsw.gov.au\/topics\/sustainability\/sustainability-advantage\" target=\"_blank\" rel=\"noreferrer noopener\">Pour en savoir plus sur le prix, cliquez ici.<\/a><\/p>\n<\/div>\n\n\n\n<div class=\"wp-block-column is-layout-flow wp-block-column-is-layout-flow\" style=\"flex-basis:50%\">\n<div class=\"wp-block-cover is-light\"><span aria-hidden=\"true\" class=\"wp-block-cover__background has-background-dim-0 has-background-dim\"><\/span><img loading=\"lazy\" decoding=\"async\" width=\"1224\" height=\"1224\" class=\"wp-block-cover__image-background wp-image-274\" alt=\"\" src=\"\/wp-content\/uploads\/2023\/11\/REWILD_DUXTONS-VINEYARDS.jpg\" data-object-fit=\"cover\" srcset=\"\/wp-content\/uploads\/2023\/11\/REWILD_DUXTONS-VINEYARDS.jpg 1224w, \/wp-content\/uploads\/2023\/11\/REWILD_DUXTONS-VINEYARDS-250x250.jpg 250w, \/wp-content\/uploads\/2023\/11\/REWILD_DUXTONS-VINEYARDS-700x700.jpg 700w, \/wp-content\/uploads\/2023\/11\/REWILD_DUXTONS-VINEYARDS-150x150.jpg 150w, \/wp-content\/uploads\/2023\/11\/REWILD_DUXTONS-VINEYARDS-768x768.jpg 768w, \/wp-content\/uploads\/2023\/11\/REWILD_DUXTONS-VINEYARDS-120x120.jpg 120w\" sizes=\"auto, (max-width: 1224px) 100vw, 1224px\" \/><div class=\"wp-block-cover__inner-container is-layout-constrained wp-block-cover-is-layout-constrained\">\n<p class=\"has-text-align-center has-large-font-size\"><\/p>\n<\/div><\/div>\n<\/div>\n<\/div>\n","protected":false},"excerpt":{"rendered":"Ambition Sauvage Nous avons entendu l\u2019appel \u00e0 la protection et \u00e0 la r\u00e9enconcertation de la nature. En tant que plus grand membre certifi\u00e9 de Sustainable Winegrowing Australia, nous menons des recherches sur les meilleures pratiques en mati\u00e8re de r\u00e9clamation, de recyclage et de mesure du carbone dans les vignobles. Et ce n\u2019est que le d\u00e9but&#8230;. <a class=\"view-article\" href=\"https:\/\/www.rewildwine.com\/fr-ca\/durabilite\">Read More<\/a>","protected":false},"author":1,"featured_media":0,"parent":0,"menu_order":0,"comment_status":"closed","ping_status":"closed","template":"template-sustainability.php","meta":{"footnotes":""},"class_list":["post-966","page","type-page","status-publish","hentry"],"_links":{"self":[{"href":"https:\/\/www.rewildwine.com\/fr-ca\/wp-json\/wp\/v2\/pages\/966","targetHints":{"allow":["GET"]}}],"collection":[{"href":"https:\/\/www.rewildwine.com\/fr-ca\/wp-json\/wp\/v2\/pages"}],"about":[{"href":"https:\/\/www.rewildwine.com\/fr-ca\/wp-json\/wp\/v2\/types\/page"}],"author":[{"embeddable":true,"href":"https:\/\/www.rewildwine.com\/fr-ca\/wp-json\/wp\/v2\/users\/1"}],"replies":[{"embeddable":true,"href":"https:\/\/www.rewildwine.com\/fr-ca\/wp-json\/wp\/v2\/comments?post=966"}],"version-history":[{"count":4,"href":"https:\/\/www.rewildwine.com\/fr-ca\/wp-json\/wp\/v2\/pages\/966\/revisions"}],"predecessor-version":[{"id":1798,"href":"https:\/\/www.rewildwine.com\/fr-ca\/wp-json\/wp\/v2\/pages\/966\/revisions\/1798"}],"wp:attachment":[{"href":"https:\/\/www.rewildwine.com\/fr-ca\/wp-json\/wp\/v2\/media?parent=966"}],"curies":[{"name":"wp","href":"https:\/\/api.w.org\/{rel}","templated":true}]}}