{"id":969,"date":"2022-01-05T05:47:59","date_gmt":"2022-01-05T05:47:59","guid":{"rendered":"https:\/\/rewild.ntechhosting.com\/conditions-dutilisation"},"modified":"2024-05-21T01:25:44","modified_gmt":"2024-05-21T01:25:44","slug":"conditions-dutilisation","status":"publish","type":"page","link":"https:\/\/www.rewildwine.com\/fr-ca\/conditions-dutilisation","title":{"rendered":"Conditions d\u2019utilisation"},"content":{"rendered":"\n<div class=\"wp-block-group has-grey-color has-text-color has-link-color wp-elements-996de0b104d1db11139b0f00d6eb62dd\"><div class=\"wp-block-group__inner-container is-layout-constrained wp-block-group-is-layout-constrained\">\n<div style=\"height:150px\" aria-hidden=\"true\" class=\"wp-block-spacer\"><\/div>\n\n\n\n<div class=\"wp-block-columns is-layout-flex wp-container-core-columns-is-layout-9d6595d7 wp-block-columns-is-layout-flex\">\n<div class=\"wp-block-column is-layout-flow wp-block-column-is-layout-flow\" style=\"flex-basis:25%\"><\/div>\n\n\n\n<div class=\"wp-block-column is-layout-flow wp-block-column-is-layout-flow\" style=\"flex-basis:50%\">\n<h2 class=\"wp-block-heading\" style=\"font-style:normal;font-weight:300\">Conditions d\u2019utilisation<\/h2>\n\n\n\n<h4 class=\"wp-block-heading\"><strong>Exigence d\u2019\u00e2ge<\/strong><\/h4>\n\n\n\n<p>Vous ne pouvez utiliser ce site Web que si vous \u00eates \u00e2g\u00e9 de 18 ans ou plus ou si vous avez l\u2019\u00e2ge l\u00e9gal pour consommer de l\u2019alcool dans votre pays de r\u00e9sidence. Vous devez imm\u00e9diatement quitter le site Web si vous ne r\u00e9pondez pas \u00e0 ces exigences.<\/p>\n\n\n\n<h4 class=\"wp-block-heading\"><strong>Introduction<\/strong><\/h4>\n\n\n\n<p>L\u2019utilisation de ce site Web est r\u00e9gie par ces termes et conditions, qui peuvent \u00eatre modifi\u00e9s par nous de temps \u00e0 autre. Chaque fois que vous utilisez ce site Web, vous nous reconnaissez que vous avez lu ces termes et conditions et acceptez d\u2019\u00eatre li\u00e9 par eux.<\/p>\n\n\n\n<h4 class=\"wp-block-heading\"><strong>Propri\u00e9t\u00e9 intellectuelle et restrictions sur l\u2019utilisation du contenu<\/strong><\/h4>\n\n\n\n<p>Sauf indication contraire expresse, tous les droits de propri\u00e9t\u00e9 intellectuelle apparaissant sur ce site Web (tels que les noms, les marques de commerce, les logos et le mat\u00e9riel prot\u00e9g\u00e9 par le droit d\u2019auteur) sont la propri\u00e9t\u00e9 de nous et \/ ou de nos soci\u00e9t\u00e9s li\u00e9es. Vous ne devez pas utiliser cette propri\u00e9t\u00e9 intellectuelle de quelque mani\u00e8re que ce soit, sauf dans la mesure express\u00e9ment autoris\u00e9e par nous par \u00e9crit (ou dans le cas de mat\u00e9riel prot\u00e9g\u00e9 par le droit d\u2019auteur, comme le permettent les lois australiennes et internationales sur le droit d\u2019auteur).<\/p>\n\n\n\n<h4 class=\"wp-block-heading\"><strong>Confidentialit\u00e9 et renseignements personnels<\/strong><\/h4>\n\n\n\n<p>Tous les renseignements personnels que vous soumettez sur ce site Web sont r\u00e9gis par notre politique de confidentialit\u00e9.<\/p>\n\n\n\n<h4 class=\"wp-block-heading\"><strong>Informations pour les investisseurs sur Duxton Vineyards<\/strong><\/h4>\n\n\n\n<p>Les informations sur ce site Web ne fournissent que des informations g\u00e9n\u00e9rales et ne sont pas destin\u00e9es \u00e0 servir de conseils en investissement et ne doivent pas \u00eatre utilis\u00e9es comme telles. Vous devriez obtenir des conseils professionnels ind\u00e9pendants et faire d\u2019autres enqu\u00eates ind\u00e9pendantes avant de prendre des d\u00e9cisions d\u2019investissement ou de prendre toute autre mesure bas\u00e9e sur les informations contenues sur ce site. Duxton Vineyards n\u2019offre pas et ne doit pas \u00eatre interpr\u00e9t\u00e9 comme offrant, des titres ou d\u2019autres produits financiers en vertu ou par l\u2019interm\u00e9diaire de ce site Web et ce site Web n\u2019est pas une invitation \u00e0 vous prendre des titres ou d\u2019autres produits financiers. Duxton Vineyards ne fournit pas, et ne doit pas \u00eatre interpr\u00e9t\u00e9e comme fournissant, des recommandations relatives \u00e0 des titres ou \u00e0 d\u2019autres produits financiers.<\/p>\n\n\n\n<h4 class=\"wp-block-heading\"><strong>\u00c9l\u00e9ments \u00e0 t\u00e9l\u00e9charger<\/strong><\/h4>\n\n\n\n<p>Occasionnellement, certains documents peuvent \u00eatre express\u00e9ment mis \u00e0 disposition par nous pour t\u00e9l\u00e9chargement \u00e0 partir du site Web. Toute utilisation de ces articles est enti\u00e8rement \u00e0 vos propres risques. Sauf indication contraire, nous vous accordons une licence personnelle, non transf\u00e9rable et non exclusive pour utiliser les articles pertinents pour votre usage personnel. Vous ne devez pas copier, communiquer au public, modifier, d\u00e9sosser ou autrement transf\u00e9rer tout droit sur eux.<\/p>\n\n\n\n<h4 class=\"wp-block-heading\"><strong>Liens vers des sites tiers<\/strong><\/h4>\n\n\n\n<p>Il peut y avoir des liens vers d\u2019autres sites Web ou des publicit\u00e9s de biens et services disponibles aupr\u00e8s d\u2019autres parties sur notre site Web. Nous ne sommes pas responsables de ces sites Web, de leur contenu ou des biens et services qui y sont disponibles.<\/p>\n\n\n\n<h4 class=\"wp-block-heading\"><strong>Clause de non-responsabilit\u00e9<\/strong><\/h4>\n\n\n\n<p>Bien que nous prenions toutes les mesures raisonnables pour nous assurer que ce site Web est exact, le site Web et son contenu sont fournis \u00ab tels quels \u00bb. Dans toute la mesure permise par la loi, toutes les garanties relatives \u00e0 ce site Web et aux informations qu\u2019il contient (y compris le contenu ou l\u2019utilisation de ce site, la s\u00e9curit\u00e9 de votre ordinateur pour acc\u00e9der \u00e0 ce site, les virus informatiques, la disponibilit\u00e9, la disponibilit\u00e9 et la s\u00e9curit\u00e9 de ce site et l\u2019int\u00e9grit\u00e9 des donn\u00e9es accessibles via ce site) sont exclues. Nous (y compris nos soci\u00e9t\u00e9s li\u00e9es) ne sommes pas responsables de toute perte ou dommage que vous pourriez subir \u00e0 la suite de l\u2019utilisation de ce site Web. Nous nous r\u00e9servons le droit de r\u00e9viser le contenu de ce site Web ou de retirer l\u2019acc\u00e8s \u00e0 ce site Web \u00e0 tout moment sans pr\u00e9avis ni responsabilit\u00e9 envers vous.<\/p>\n\n\n\n<p>Les lois de l\u2019Australie-M\u00e9ridionale et de l\u2019Australie r\u00e9gissent les pr\u00e9sentes conditions g\u00e9n\u00e9rales.<\/p>\n\n\n\n<p>Ce site Web et son contenu sont la propri\u00e9t\u00e9 de Duxton Viticulture Pty Ltd [ABN 83 609 424 704], op\u00e9rant sous le nom de Duxton Vineyards, de Duxton House, 7 Pomona Road Stirling Australie-M\u00e9ridionale 5152<\/p>\n<\/div>\n\n\n\n<div class=\"wp-block-column is-layout-flow wp-block-column-is-layout-flow\" style=\"flex-basis:25%\"><\/div>\n<\/div>\n\n\n\n<div style=\"height:100px\" aria-hidden=\"true\" class=\"wp-block-spacer\"><\/div>\n<\/div><\/div>\n","protected":false},"excerpt":{"rendered":"Conditions d\u2019utilisation Exigence d\u2019\u00e2ge Vous ne pouvez utiliser ce site Web que si vous \u00eates \u00e2g\u00e9 de 18 ans ou plus ou si vous avez l\u2019\u00e2ge l\u00e9gal pour consommer de l\u2019alcool dans votre pays de r\u00e9sidence. Vous devez imm\u00e9diatement quitter le site Web si vous ne r\u00e9pondez pas \u00e0 ces exigences. Introduction L\u2019utilisation de ce&#8230; <a class=\"view-article\" href=\"https:\/\/www.rewildwine.com\/fr-ca\/conditions-dutilisation\">Read More<\/a>","protected":false},"author":1,"featured_media":0,"parent":0,"menu_order":0,"comment_status":"closed","ping_status":"open","template":"template-legal.php","meta":{"footnotes":""},"class_list":["post-969","page","type-page","status-publish","hentry"],"_links":{"self":[{"href":"https:\/\/www.rewildwine.com\/fr-ca\/wp-json\/wp\/v2\/pages\/969","targetHints":{"allow":["GET"]}}],"collection":[{"href":"https:\/\/www.rewildwine.com\/fr-ca\/wp-json\/wp\/v2\/pages"}],"about":[{"href":"https:\/\/www.rewildwine.com\/fr-ca\/wp-json\/wp\/v2\/types\/page"}],"author":[{"embeddable":true,"href":"https:\/\/www.rewildwine.com\/fr-ca\/wp-json\/wp\/v2\/users\/1"}],"replies":[{"embeddable":true,"href":"https:\/\/www.rewildwine.com\/fr-ca\/wp-json\/wp\/v2\/comments?post=969"}],"version-history":[{"count":1,"href":"https:\/\/www.rewildwine.com\/fr-ca\/wp-json\/wp\/v2\/pages\/969\/revisions"}],"predecessor-version":[{"id":970,"href":"https:\/\/www.rewildwine.com\/fr-ca\/wp-json\/wp\/v2\/pages\/969\/revisions\/970"}],"wp:attachment":[{"href":"https:\/\/www.rewildwine.com\/fr-ca\/wp-json\/wp\/v2\/media?parent=969"}],"curies":[{"name":"wp","href":"https:\/\/api.w.org\/{rel}","templated":true}]}}